{"id":12722,"date":"2019-08-19T11:05:40","date_gmt":"2019-08-19T09:05:40","guid":{"rendered":"https:\/\/wedressair.com\/?page_id=12722"},"modified":"2019-08-19T11:10:22","modified_gmt":"2019-08-19T09:10:22","slug":"crowd-balls","status":"publish","type":"page","link":"https:\/\/wedressair.com\/fr\/produits\/crowd-balls\/","title":{"rendered":"Crowd balls"},"content":{"rendered":"<div id=\"cs-content\" class=\"cs-content\"  >\n<div class=\"e12722-1 x-section\" >\n    \n  <div class=\"x-bg\" aria-hidden=\"true\" >\n    <div class=\"x-bg-layer-lower-image\" data-x-element=\"bg_layer\" data-x-params=\"{&quot;parallaxSize&quot;:&quot;150%&quot;,&quot;parallaxDir&quot;:&quot;v&quot;,&quot;parallaxRev&quot;:false}\" ><\/div>      <\/div>\n  \n<div class=\"e12722-2 x-container max width\" >\n    \n<div class=\"e12722-3 x-column x-sm x-1-1\" >\n    <h1  class=\"h-custom-headline cs-ta-center mbs h1\" ><span>Crowd balls<\/span><\/h1><h3  class=\"h-custom-headline cs-ta-center mbs h2\" ><span>D\u00e9marquez-vous dans la foule !<\/span><\/h3><\/div>\n<\/div>\n    <\/div>\n\n<div class=\"e12722-6 x-section\" >\n      \n<div class=\"e12722-7 x-container\" >\n    \n<div class=\"e12722-8 x-column x-sm x-1-1\" >\n    <div  class=\"x-raw-content\" ><!-- The Grid Plugin Version 2.7.9.1 --><div class=\"tg-error-msg\" data-grid-name=\"crowdballs\">No grid was found for: crowdballs.<\/div><\/div><\/div>\n<\/div>\n    <\/div>\n\n<div class=\"e12722-10 x-section\" >\n    \n  \n<div class=\"e12722-11 x-container max width\" >\n    \n<div class=\"e12722-12 x-column x-sm x-1-2\" >\n    <h2  class=\"h-custom-headline h2\" ><span>Caract\u00e9ristiques techniques<\/span><\/h2><div class=\"x-text\"  ><ul>\n<li><span>Mat\u00e9riau :<\/span> PVC<\/li>\n<li><span>Dimensions :<\/span> au choix<\/li>\n<li><span>Comprend :<\/span> souffleur \u00e0 main<\/li>\n<li><span>Options :<\/span> stock PVC ou full color, d\u00e9lai de livraison court, possible \u00e0 partir d\u20191 pi\u00e8ce<\/li>\n<li style=\"list-style-type: none;\">\n<ul><\/ul>\n<\/li>\n<\/ul>\n<\/div><\/div>\n\n<div class=\"e12722-15 x-column x-sm x-1-2\" >\n    <h2  class=\"h-custom-headline h2\" ><span>Votre logo sur un ballon g\u00e9ant !<\/span><\/h2><div class=\"x-text\"  ><p>Avec les crowd balls d\u2019Inflate, vous pouvez mettre votre stand d'exposition rapidement en \u00e9vidence lors d'un \u00e9v\u00e9nement ! En un clin d\u2019\u0153il, vous cr\u00e9ez une grande visibilit\u00e9 avec un chouette ballon gonflable, imprim\u00e9 avec votre logo. Il cr\u00e9e de l'ambiance et offre une belle place <em>in the spotlight<\/em> \u00e0 votre message\/marque.<\/p>\n<p>Faites imprimer votre logo sur un ballon gonflable dont vous choisissez vous-m\u00eame la taille. Vous pouvez opter pour un ballon g\u00e9ant d'un diam\u00e8tre compris entre 1 et 3 m. Utilisez-le comme eye-catcher dans un showroom. Nous proposons diff\u00e9rentes versions : une version pneumatique, un crowd ball avec souffleur et des crowd balls \u00e0 l'h\u00e9lium. Nous pr\u00e9voyons \u00e9galement des points de suspension ou des ancrages aux positions d\u00e9sir\u00e9es. Les crowd balls d\u2019Inflate sont un article populaire pour les foires, manifestations et \u00e9v\u00e9nements (sportifs).<\/p>\n<\/div><h2  class=\"h-custom-headline h2\" ><span>Optez pour des crowd balls gonflables en guise de gimmick sympa<\/span><\/h2><div class=\"x-text\"  ><p>Chez Inflate, nous nous faisons un plaisir de vous conseiller le crowd ball le mieux adapt\u00e9 \u00e0 votre \u00e9v\u00e9nement ou campagne publicitaire sp\u00e9cifique. Nous sommes heureux de vous aider et ce, en utilisant le meilleur mat\u00e9riel afin que votre \u00e9v\u00e9nement se passe comme sur des roulettes. Si vous avez besoin de soutien, nous proposons \u00e9galement un <span style=\"text-decoration: underline;\"><a href=\"https:\/\/wedressair.com\/fr\/service\/\">service complet<\/a><\/span>. Vous souhaitez davantage d'informations ou discuter des possibilit\u00e9s ? N'h\u00e9sitez pas \u00e0 nous<span style=\"text-decoration: underline;\"><a href=\"https:\/\/wedressair.com\/fr\/contact\/\"> contacter<\/a><\/span> d\u00e8s maintenant.<\/p>\n<\/div><\/div>\n<\/div>\n    <\/div>\n<div id=\"x-section-1\" class=\"x-section\" style=\"margin: 0px 0px -60px;padding: 60px 0px; background-color: hsl(0, 0%, 20%);\"  ><div class=\"x-container max width\" style=\"margin: 0px auto;padding: 0px;\"  ><div  class=\"x-column x-sm x-1-1\" style=\"padding: 0px;\" ><div class=\"x-text custom-footer-cta\"  ><p>Vous avez des questions ? Une id\u00e9e \u00e0 nous soumettre ? Envoyez-nous un e-mail ou appelez-nous pour un conseil sans engagement. <\/p>\n<p><a  class=\"x-btn x-btn-transparent x-btn-large\"  href=\"https:\/\/wedressair.com\/fr\/contact\/\"     data-options=\"thumbnail: ''\"><i  class=\"x-icon x-icon-hand-o-right\" data-x-icon-o=\"&#xf0a4;\" aria-hidden=\"true\"><\/i> CONTACTEZ-NOUS<\/a><\/p>\n<\/div><\/div><\/div><\/div><\/div>\n","protected":false},"excerpt":{"rendered":"","protected":false},"author":1,"featured_media":10858,"parent":9038,"menu_order":0,"comment_status":"closed","ping_status":"closed","template":"template-blank-4.php","meta":[],"yoast_head":"<!-- This site is optimized with the Yoast SEO plugin v20.4 - https:\/\/yoast.com\/wordpress\/plugins\/seo\/ -->\n<title>Crowd balls - Inflate<\/title>\n<meta name=\"robots\" content=\"index, follow, max-snippet:-1, max-image-preview:large, max-video-preview:-1\" \/>\n<link rel=\"canonical\" href=\"https:\/\/wedressair.com\/fr\/produits\/crowd-balls\/\" \/>\n<meta property=\"og:locale\" content=\"fr_FR\" \/>\n<meta property=\"og:type\" content=\"article\" \/>\n<meta property=\"og:title\" content=\"Crowd balls - Inflate\" \/>\n<meta property=\"og:url\" content=\"https:\/\/wedressair.com\/fr\/produits\/crowd-balls\/\" \/>\n<meta property=\"og:site_name\" content=\"Inflate\" \/>\n<meta property=\"article:modified_time\" content=\"2019-08-19T09:10:22+00:00\" \/>\n<meta property=\"og:image\" content=\"https:\/\/wedressair.com\/wp-content\/uploads\/2018\/07\/Inflatable_Crowdballs.jpg\" \/>\n\t<meta property=\"og:image:width\" content=\"800\" \/>\n\t<meta property=\"og:image:height\" content=\"600\" \/>\n\t<meta property=\"og:image:type\" content=\"image\/jpeg\" \/>\n<meta name=\"twitter:card\" content=\"summary_large_image\" \/>\n<meta name=\"twitter:label1\" content=\"Dur\u00e9e de lecture estim\u00e9e\" \/>\n\t<meta name=\"twitter:data1\" content=\"3 minutes\" \/>\n<script type=\"application\/ld+json\" class=\"yoast-schema-graph\">{\"@context\":\"https:\/\/schema.org\",\"@graph\":[{\"@type\":\"WebPage\",\"@id\":\"https:\/\/wedressair.com\/fr\/produits\/crowd-balls\/\",\"url\":\"https:\/\/wedressair.com\/fr\/produits\/crowd-balls\/\",\"name\":\"Crowd balls - Inflate\",\"isPartOf\":{\"@id\":\"https:\/\/wedressair.com\/fr\/#website\"},\"datePublished\":\"2019-08-19T09:05:40+00:00\",\"dateModified\":\"2019-08-19T09:10:22+00:00\",\"breadcrumb\":{\"@id\":\"https:\/\/wedressair.com\/fr\/produits\/crowd-balls\/#breadcrumb\"},\"inLanguage\":\"fr-FR\",\"potentialAction\":[{\"@type\":\"ReadAction\",\"target\":[\"https:\/\/wedressair.com\/fr\/produits\/crowd-balls\/\"]}]},{\"@type\":\"BreadcrumbList\",\"@id\":\"https:\/\/wedressair.com\/fr\/produits\/crowd-balls\/#breadcrumb\",\"itemListElement\":[{\"@type\":\"ListItem\",\"position\":1,\"name\":\"Home\",\"item\":\"https:\/\/wedressair.com\/fr\/\"},{\"@type\":\"ListItem\",\"position\":2,\"name\":\"Produits\",\"item\":\"https:\/\/wedressair.com\/fr\/produits\/\"},{\"@type\":\"ListItem\",\"position\":3,\"name\":\"Crowd balls\"}]},{\"@type\":\"WebSite\",\"@id\":\"https:\/\/wedressair.com\/fr\/#website\",\"url\":\"https:\/\/wedressair.com\/fr\/\",\"name\":\"Inflate\",\"description\":\"We dress air\",\"potentialAction\":[{\"@type\":\"SearchAction\",\"target\":{\"@type\":\"EntryPoint\",\"urlTemplate\":\"https:\/\/wedressair.com\/fr\/?s={search_term_string}\"},\"query-input\":\"required name=search_term_string\"}],\"inLanguage\":\"fr-FR\"}]}<\/script>\n<!-- \/ Yoast SEO plugin. -->","yoast_head_json":{"title":"Crowd balls - Inflate","robots":{"index":"index","follow":"follow","max-snippet":"max-snippet:-1","max-image-preview":"max-image-preview:large","max-video-preview":"max-video-preview:-1"},"canonical":"https:\/\/wedressair.com\/fr\/produits\/crowd-balls\/","og_locale":"fr_FR","og_type":"article","og_title":"Crowd balls - Inflate","og_url":"https:\/\/wedressair.com\/fr\/produits\/crowd-balls\/","og_site_name":"Inflate","article_modified_time":"2019-08-19T09:10:22+00:00","og_image":[{"width":800,"height":600,"url":"https:\/\/wedressair.com\/wp-content\/uploads\/2018\/07\/Inflatable_Crowdballs.jpg","type":"image\/jpeg"}],"twitter_card":"summary_large_image","twitter_misc":{"Dur\u00e9e de lecture estim\u00e9e":"3 minutes"},"schema":{"@context":"https:\/\/schema.org","@graph":[{"@type":"WebPage","@id":"https:\/\/wedressair.com\/fr\/produits\/crowd-balls\/","url":"https:\/\/wedressair.com\/fr\/produits\/crowd-balls\/","name":"Crowd balls - Inflate","isPartOf":{"@id":"https:\/\/wedressair.com\/fr\/#website"},"datePublished":"2019-08-19T09:05:40+00:00","dateModified":"2019-08-19T09:10:22+00:00","breadcrumb":{"@id":"https:\/\/wedressair.com\/fr\/produits\/crowd-balls\/#breadcrumb"},"inLanguage":"fr-FR","potentialAction":[{"@type":"ReadAction","target":["https:\/\/wedressair.com\/fr\/produits\/crowd-balls\/"]}]},{"@type":"BreadcrumbList","@id":"https:\/\/wedressair.com\/fr\/produits\/crowd-balls\/#breadcrumb","itemListElement":[{"@type":"ListItem","position":1,"name":"Home","item":"https:\/\/wedressair.com\/fr\/"},{"@type":"ListItem","position":2,"name":"Produits","item":"https:\/\/wedressair.com\/fr\/produits\/"},{"@type":"ListItem","position":3,"name":"Crowd balls"}]},{"@type":"WebSite","@id":"https:\/\/wedressair.com\/fr\/#website","url":"https:\/\/wedressair.com\/fr\/","name":"Inflate","description":"We dress air","potentialAction":[{"@type":"SearchAction","target":{"@type":"EntryPoint","urlTemplate":"https:\/\/wedressair.com\/fr\/?s={search_term_string}"},"query-input":"required name=search_term_string"}],"inLanguage":"fr-FR"}]}},"_links":{"self":[{"href":"https:\/\/wedressair.com\/fr\/wp-json\/wp\/v2\/pages\/12722"}],"collection":[{"href":"https:\/\/wedressair.com\/fr\/wp-json\/wp\/v2\/pages"}],"about":[{"href":"https:\/\/wedressair.com\/fr\/wp-json\/wp\/v2\/types\/page"}],"author":[{"embeddable":true,"href":"https:\/\/wedressair.com\/fr\/wp-json\/wp\/v2\/users\/1"}],"replies":[{"embeddable":true,"href":"https:\/\/wedressair.com\/fr\/wp-json\/wp\/v2\/comments?post=12722"}],"version-history":[{"count":0,"href":"https:\/\/wedressair.com\/fr\/wp-json\/wp\/v2\/pages\/12722\/revisions"}],"up":[{"embeddable":true,"href":"https:\/\/wedressair.com\/fr\/wp-json\/wp\/v2\/pages\/9038"}],"wp:featuredmedia":[{"embeddable":true,"href":"https:\/\/wedressair.com\/fr\/wp-json\/wp\/v2\/media\/10858"}],"wp:attachment":[{"href":"https:\/\/wedressair.com\/fr\/wp-json\/wp\/v2\/media?parent=12722"}],"curies":[{"name":"wp","href":"https:\/\/api.w.org\/{rel}","templated":true}]}}