{"id":12742,"date":"2019-08-19T14:08:16","date_gmt":"2019-08-19T12:08:16","guid":{"rendered":"https:\/\/wedressair.com\/?page_id=12742"},"modified":"2019-08-19T16:23:55","modified_gmt":"2019-08-19T14:23:55","slug":"mur-pneumatique","status":"publish","type":"page","link":"https:\/\/wedressair.com\/fr\/produits\/mur-pneumatique\/","title":{"rendered":"Mur pneumatique"},"content":{"rendered":"<div id=\"cs-content\" class=\"cs-content\"  >\n<div class=\"e12742-1 x-section\" >\n    \n  <div class=\"x-bg\" aria-hidden=\"true\" >\n    <div class=\"x-bg-layer-lower-image\" data-x-element=\"bg_layer\" data-x-params=\"{&quot;parallaxSize&quot;:&quot;150%&quot;,&quot;parallaxDir&quot;:&quot;v&quot;,&quot;parallaxRev&quot;:false}\" ><\/div>      <\/div>\n  \n<div class=\"e12742-2 x-container max width\" >\n    \n<div class=\"e12742-3 x-column x-sm x-1-1\" >\n    <h1  class=\"h-custom-headline cs-ta-center mbs h1\" ><span>Mur pneumatique<\/span><\/h1><h3  class=\"h-custom-headline cs-ta-center mbs h2\" ><span>Diffusez votre message en un rien de temps !<\/span><\/h3><\/div>\n<\/div>\n    <\/div>\n\n<div class=\"e12742-6 x-section\" >\n      \n<div class=\"e12742-7 x-container\" >\n    \n<div class=\"e12742-8 x-column x-sm x-1-1\" >\n    <div  class=\"x-raw-content\" ><\/div><\/div>\n<\/div>\n    <\/div>\n\n<div class=\"e12742-10 x-section\" >\n    \n  \n<div class=\"e12742-11 x-container max width\" >\n    \n<div class=\"e12742-12 x-column x-sm x-1-2\" >\n    <h2  class=\"h-custom-headline h2\" ><span>Caract\u00e9ristiques techniques<\/span><\/h2><div class=\"x-text\"  ><p>Ultra robuste et pourtant extr\u00eamement l\u00e9ger, il se monte rapidement.<\/p>\n<ul>\n<li><span>Mati\u00e8re :<\/span> polyester avec poumons int\u00e9rieurs en TPU robuste<\/li>\n<li><span>Dimensions :<\/span> 230 x 230 cm - 300 x 250 cm - 400 x 450 cm - 300 x 300 cm - 400 x 300 cm - 500 x 300 cm.<\/li>\n<li><span>Comprend :<\/span> sac de transport compact, souffleur \u00e0 main<\/li>\n<\/ul>\n<\/div><\/div>\n\n<div class=\"e12742-15 x-column x-sm x-1-2\" >\n    <div class=\"x-text\"  ><p>Notre mur pneumatique est un moyen pratique de d\u00e9limiter votre stand d'exposition et de vous d\u00e9marquer lors d'un \u00e9v\u00e9nement ! Utilisez notre mur pneumatique pour cr\u00e9er des espaces s\u00e9par\u00e9s pour votre stand d'exposition, ou pour garder certains espaces hors de la vue de vos invit\u00e9s.<\/p>\n<\/div><h2  class=\"h-custom-headline h2\" ><span>Notre mur pneumatique gonflable est tr\u00e8s pratique pour la construction de stands !<\/span><\/h2><div class=\"x-text\"  ><p>Le mur pneumatique d\u2019Inflate est rapide \u00e0 installer et facile \u00e0 utiliser lors des foires. Il est compact et livr\u00e9 avec un sac de transport maniable, ce qui permet de l\u2019installer en un rien de temps ! Le format est enti\u00e8rement personnalisable et il existe plusieurs options, telles que l'\u00e9clairage interne. Gr\u00e2ce au mur pneumatique, votre stand d'exposition est directement fonctionnel. Notre version pneumatique est livr\u00e9e avec un souffleur \u00e0 main, avec lequel vous gonflez votre mur une seule fois par \u00e9v\u00e9nement. Nous avons aussi un <span style=\"text-decoration: underline;\"><a href=\"https:\/\/wedressair.com\/fr\/produits\/mur-gonflable\/\">mur gonflable <\/a><\/span>avec souffleur externe. Notre mur pneumatique est facile \u00e0 combiner avec nos <span style=\"text-decoration: underline;\"><a href=\"https:\/\/wedressair.com\/fr\/produits\/table-mange-debout-pneumatique\/\">tables mange-debout<\/a><\/span> et notre <span style=\"text-decoration: underline;\"><a href=\"https:\/\/wedressair.com\/fr\/produits\/comptoir-pneumatique\/\">comptoir<\/a><\/span><span>,<\/span> et garantit que votre stand d'exposition soit directement fonctionnel.<\/p>\n<\/div><h2  class=\"h-custom-headline h2\" ><span>Impressionnez avec votre mur pneumatique au format d\u00e9sir\u00e9 !<\/span><\/h2><div class=\"x-text\"  ><p>Chez Inflate, nous nous faisons un plaisir de vous conseiller le mur pneumatique qui convient le mieux \u00e0 vos besoins. Ensemble, nous traduisons vos souhaits en un mur pneumatique pour votre \u00e9v\u00e9nement ou campagne publicitaire. Pour ce faire, nous utilisons le meilleur mat\u00e9riel afin que votre \u00e9v\u00e9nement se passe comme sur des roulettes. Si vous avez besoin de soutien, nous proposons \u00e9galement un <span style=\"text-decoration: underline;\"><a href=\"https:\/\/wedressair.com\/fr\/service\/\">service complet<\/a><\/span>. Vous souhaitez davantage d'informations ou d\u00e9sirez discuter des possibilit\u00e9s ? N'h\u00e9sitez pas \u00e0 nous<span style=\"text-decoration: underline;\"><a href=\"https:\/\/wedressair.com\/fr\/contact\/\"> contacter<\/a><\/span> d\u00e8s maintenant.<\/p>\n<\/div><\/div>\n<\/div>\n    <\/div>\n<div id=\"x-section-1\" class=\"x-section\" style=\"margin: 0px 0px -60px;padding: 60px 0px; background-color: hsl(0, 0%, 20%);\"  ><div class=\"x-container max width\" style=\"margin: 0px auto;padding: 0px;\"  ><div  class=\"x-column x-sm x-1-1\" style=\"padding: 0px;\" ><div class=\"x-text custom-footer-cta\"  ><p>Vous avez des questions ? Une id\u00e9e \u00e0 nous soumettre ? Envoyez-nous un e-mail ou appelez-nous pour un conseil sans engagement. <\/p>\n<p><a  class=\"x-btn x-btn-transparent x-btn-large\"  href=\"https:\/\/wedressair.com\/fr\/contact\/\"     data-options=\"thumbnail: ''\"><i  class=\"x-icon x-icon-hand-o-right\" data-x-icon-o=\"&#xf0a4;\" aria-hidden=\"true\"><\/i> CONTACTEZ-NOUS<\/a><\/p>\n<\/div><\/div><\/div><\/div><\/div>\n","protected":false},"excerpt":{"rendered":"","protected":false},"author":1,"featured_media":11071,"parent":9038,"menu_order":0,"comment_status":"closed","ping_status":"closed","template":"template-blank-4.php","meta":[],"yoast_head":"<!-- This site is optimized with the Yoast SEO plugin v20.4 - https:\/\/yoast.com\/wordpress\/plugins\/seo\/ -->\n<title>Mur pneumatique - Inflate<\/title>\n<meta name=\"robots\" content=\"index, follow, max-snippet:-1, max-image-preview:large, max-video-preview:-1\" \/>\n<link rel=\"canonical\" href=\"https:\/\/wedressair.com\/fr\/produits\/mur-pneumatique\/\" \/>\n<meta property=\"og:locale\" content=\"fr_FR\" \/>\n<meta property=\"og:type\" content=\"article\" \/>\n<meta property=\"og:title\" content=\"Mur pneumatique - Inflate\" \/>\n<meta property=\"og:url\" content=\"https:\/\/wedressair.com\/fr\/produits\/mur-pneumatique\/\" \/>\n<meta property=\"og:site_name\" content=\"Inflate\" \/>\n<meta property=\"article:modified_time\" content=\"2019-08-19T14:23:55+00:00\" \/>\n<meta property=\"og:image\" content=\"https:\/\/wedressair.com\/wp-content\/uploads\/2018\/12\/dummy-image-landscape.jpg\" \/>\n\t<meta property=\"og:image:width\" content=\"1200\" \/>\n\t<meta property=\"og:image:height\" content=\"686\" \/>\n\t<meta property=\"og:image:type\" content=\"image\/jpeg\" \/>\n<meta name=\"twitter:card\" content=\"summary_large_image\" \/>\n<meta name=\"twitter:label1\" content=\"Dur\u00e9e de lecture estim\u00e9e\" \/>\n\t<meta name=\"twitter:data1\" content=\"3 minutes\" \/>\n<script type=\"application\/ld+json\" class=\"yoast-schema-graph\">{\"@context\":\"https:\/\/schema.org\",\"@graph\":[{\"@type\":\"WebPage\",\"@id\":\"https:\/\/wedressair.com\/fr\/produits\/mur-pneumatique\/\",\"url\":\"https:\/\/wedressair.com\/fr\/produits\/mur-pneumatique\/\",\"name\":\"Mur pneumatique - Inflate\",\"isPartOf\":{\"@id\":\"https:\/\/wedressair.com\/fr\/#website\"},\"datePublished\":\"2019-08-19T12:08:16+00:00\",\"dateModified\":\"2019-08-19T14:23:55+00:00\",\"breadcrumb\":{\"@id\":\"https:\/\/wedressair.com\/fr\/produits\/mur-pneumatique\/#breadcrumb\"},\"inLanguage\":\"fr-FR\",\"potentialAction\":[{\"@type\":\"ReadAction\",\"target\":[\"https:\/\/wedressair.com\/fr\/produits\/mur-pneumatique\/\"]}]},{\"@type\":\"BreadcrumbList\",\"@id\":\"https:\/\/wedressair.com\/fr\/produits\/mur-pneumatique\/#breadcrumb\",\"itemListElement\":[{\"@type\":\"ListItem\",\"position\":1,\"name\":\"Home\",\"item\":\"https:\/\/wedressair.com\/fr\/\"},{\"@type\":\"ListItem\",\"position\":2,\"name\":\"Produits\",\"item\":\"https:\/\/wedressair.com\/fr\/produits\/\"},{\"@type\":\"ListItem\",\"position\":3,\"name\":\"Mur pneumatique\"}]},{\"@type\":\"WebSite\",\"@id\":\"https:\/\/wedressair.com\/fr\/#website\",\"url\":\"https:\/\/wedressair.com\/fr\/\",\"name\":\"Inflate\",\"description\":\"We dress air\",\"potentialAction\":[{\"@type\":\"SearchAction\",\"target\":{\"@type\":\"EntryPoint\",\"urlTemplate\":\"https:\/\/wedressair.com\/fr\/?s={search_term_string}\"},\"query-input\":\"required name=search_term_string\"}],\"inLanguage\":\"fr-FR\"}]}<\/script>\n<!-- \/ Yoast SEO plugin. -->","yoast_head_json":{"title":"Mur pneumatique - Inflate","robots":{"index":"index","follow":"follow","max-snippet":"max-snippet:-1","max-image-preview":"max-image-preview:large","max-video-preview":"max-video-preview:-1"},"canonical":"https:\/\/wedressair.com\/fr\/produits\/mur-pneumatique\/","og_locale":"fr_FR","og_type":"article","og_title":"Mur pneumatique - Inflate","og_url":"https:\/\/wedressair.com\/fr\/produits\/mur-pneumatique\/","og_site_name":"Inflate","article_modified_time":"2019-08-19T14:23:55+00:00","og_image":[{"width":1200,"height":686,"url":"https:\/\/wedressair.com\/wp-content\/uploads\/2018\/12\/dummy-image-landscape.jpg","type":"image\/jpeg"}],"twitter_card":"summary_large_image","twitter_misc":{"Dur\u00e9e de lecture estim\u00e9e":"3 minutes"},"schema":{"@context":"https:\/\/schema.org","@graph":[{"@type":"WebPage","@id":"https:\/\/wedressair.com\/fr\/produits\/mur-pneumatique\/","url":"https:\/\/wedressair.com\/fr\/produits\/mur-pneumatique\/","name":"Mur pneumatique - Inflate","isPartOf":{"@id":"https:\/\/wedressair.com\/fr\/#website"},"datePublished":"2019-08-19T12:08:16+00:00","dateModified":"2019-08-19T14:23:55+00:00","breadcrumb":{"@id":"https:\/\/wedressair.com\/fr\/produits\/mur-pneumatique\/#breadcrumb"},"inLanguage":"fr-FR","potentialAction":[{"@type":"ReadAction","target":["https:\/\/wedressair.com\/fr\/produits\/mur-pneumatique\/"]}]},{"@type":"BreadcrumbList","@id":"https:\/\/wedressair.com\/fr\/produits\/mur-pneumatique\/#breadcrumb","itemListElement":[{"@type":"ListItem","position":1,"name":"Home","item":"https:\/\/wedressair.com\/fr\/"},{"@type":"ListItem","position":2,"name":"Produits","item":"https:\/\/wedressair.com\/fr\/produits\/"},{"@type":"ListItem","position":3,"name":"Mur pneumatique"}]},{"@type":"WebSite","@id":"https:\/\/wedressair.com\/fr\/#website","url":"https:\/\/wedressair.com\/fr\/","name":"Inflate","description":"We dress air","potentialAction":[{"@type":"SearchAction","target":{"@type":"EntryPoint","urlTemplate":"https:\/\/wedressair.com\/fr\/?s={search_term_string}"},"query-input":"required name=search_term_string"}],"inLanguage":"fr-FR"}]}},"_links":{"self":[{"href":"https:\/\/wedressair.com\/fr\/wp-json\/wp\/v2\/pages\/12742"}],"collection":[{"href":"https:\/\/wedressair.com\/fr\/wp-json\/wp\/v2\/pages"}],"about":[{"href":"https:\/\/wedressair.com\/fr\/wp-json\/wp\/v2\/types\/page"}],"author":[{"embeddable":true,"href":"https:\/\/wedressair.com\/fr\/wp-json\/wp\/v2\/users\/1"}],"replies":[{"embeddable":true,"href":"https:\/\/wedressair.com\/fr\/wp-json\/wp\/v2\/comments?post=12742"}],"version-history":[{"count":0,"href":"https:\/\/wedressair.com\/fr\/wp-json\/wp\/v2\/pages\/12742\/revisions"}],"up":[{"embeddable":true,"href":"https:\/\/wedressair.com\/fr\/wp-json\/wp\/v2\/pages\/9038"}],"wp:featuredmedia":[{"embeddable":true,"href":"https:\/\/wedressair.com\/fr\/wp-json\/wp\/v2\/media\/11071"}],"wp:attachment":[{"href":"https:\/\/wedressair.com\/fr\/wp-json\/wp\/v2\/media?parent=12742"}],"curies":[{"name":"wp","href":"https:\/\/api.w.org\/{rel}","templated":true}]}}