{"id":12765,"date":"2019-08-19T14:46:16","date_gmt":"2019-08-19T12:46:16","guid":{"rendered":"https:\/\/wedressair.com\/?page_id=12765"},"modified":"2019-08-19T16:29:51","modified_gmt":"2019-08-19T14:29:51","slug":"arches-de-depart-et-darrivee","status":"publish","type":"page","link":"https:\/\/wedressair.com\/fr\/produits\/arches-de-depart-et-darrivee\/","title":{"rendered":"Arches de d\u00e9part et d&#8217;arriv\u00e9e"},"content":{"rendered":"<div id=\"cs-content\" class=\"cs-content\"  >\n<div class=\"e12765-1 x-section\" >\n    \n  <div class=\"x-bg\" aria-hidden=\"true\" >\n    <div class=\"x-bg-layer-lower-image\" data-x-element=\"bg_layer\" data-x-params=\"{&quot;parallaxSize&quot;:&quot;150%&quot;,&quot;parallaxDir&quot;:&quot;v&quot;,&quot;parallaxRev&quot;:false}\" ><\/div>      <\/div>\n  \n<div class=\"e12765-2 x-container max width\" >\n    \n<div class=\"e12765-3 x-column x-sm x-1-1\" >\n    <h1  class=\"h-custom-headline cs-ta-center mbs h1\" ><span>Arches de d\u00e9part et d'arriv\u00e9e<\/span><\/h1><h3  class=\"h-custom-headline cs-ta-center mbs h2\" ><span>Cr\u00e9ez de l'impact lors de votre prochain \u00e9v\u00e9nement sportif !<\/span><\/h3><\/div>\n<\/div>\n    <\/div>\n\n<div class=\"e12765-6 x-section\" >\n      \n<div class=\"e12765-7 x-container\" >\n    \n<div class=\"e12765-8 x-column x-sm x-1-1\" >\n    <div  class=\"x-raw-content\" ><!-- The Grid Plugin Version 2.7.9.1 --><!-- The Grid Wrapper Start --><div class=\"tg-grid-wrapper mbl  tg-txt\" id=\"grid-11289\" data-version=\"2.7.9.1\"><!-- The Grid Styles --><style class=\"tg-grid-styles\" type=\"text\/css\" scoped>#grid-11289{margin-top:-30px;margin-left:-7.5px;margin-right:-7.5px}#grid-11289 .tg-nav-color:not(.dots):not(.tg-dropdown-value):not(.tg-dropdown-title):hover,#grid-11289 .tg-nav-color:hover .tg-nav-color,#grid-11289 .tg-page-number.tg-page-current,#grid-11289 .tg-filter.tg-filter-active span{color:#ff6863}#grid-11289 .tg-filter:before,#grid-11289 .tg-filter.tg-filter-active:before{color:#999999}#grid-11289 .tg-dropdown-holder,#grid-11289 .tg-search-inner,#grid-11289 .tg-sorter-order{border:1px solid #DDDDDD}#grid-11289 .tg-search-clear,#grid-11289 .tg-search-clear:hover{border:none;border-left:1px solid #DDDDDD}.tg-txt .tg-nav-font,.tg-txt input[type=text].tg-search{font-size:14px;font-weight:600}.tg-txt .tg-search::-webkit-input-placeholder{font-size:14px}.tg-txt .tg-search::-moz-placeholder{font-size:14px}.tg-txt .tg-search:-ms-input-placeholder{font-size:14px}.tg-txt .tg-icon-left-arrow:before{content:\"\\e604\";font-size:32px;font-weight:100}.tg-txt .tg-icon-right-arrow:before{content:\"\\e602\";font-size:32px;font-weight:100}.tg-txt .tg-icon-dropdown-open:before,.tg-txt .tg-icon-sorter-down:before{content:\"\\e60a\"}.tg-txt .tg-icon-sorter-up:before{content:\"\\e609\"}.tg-txt .tg-search-clear:before{content:\"\\e611\";font-weight:300}.tg-txt .tg-search-icon:before{content:\"\\e62e\";font-size:16px;font-weight:600}#grid-11289 .tg-nav-color,#grid-11289 .tg-search-icon:hover:before,#grid-11289 .tg-search-icon:hover input,#grid-11289 .tg-disabled:hover .tg-icon-left-arrow,#grid-11289 .tg-disabled:hover .tg-icon-right-arrow,#grid-11289 .tg-dropdown-title.tg-nav-color:hover{color:#999999}#grid-11289 input.tg-search:hover{color:#999999 !important}#grid-11289 input.tg-search::-webkit-input-placeholder{color:#999999}#grid-11289 input.tg-search::-moz-placeholder{color:#999999;opacity:1}#grid-11289 input.tg-search:-ms-input-placeholder{color:#999999}.grid-11289 .tg-dropdown-item{color:#777777;background:#ffffff}.grid-11289 .tg-filter-active,.grid-11289 .tg-dropdown-item:hover{color:#444444;background:#f5f6fa}#grid-11289 .tg-slider-bullets li.tg-active-item span{background:#59585b}#grid-11289 .tg-slider-bullets li span{background:#DDDDDD}.ss-apia a,.ss-apia a:active,.ss-apia a:focus,.ss-apia .tg-item-overlay{text-decoration:none;border:none;-webkit-box-shadow:none;box-shadow:none;-webkit-transition:opacity 0.25s ease,color 0.25s ease,-webkit-transform 0.3s ease-in-out;-moz-transition:opacity 0.25s ease,color 0.25s ease,-moz-transform 0.3s ease-in-out;-ms-transition:opacity 0.25s ease,color 0.25s ease,-ms-transform 0.3s ease-in-out;-o-transition:opacity 0.25s ease,color 0.25s ease,-o-transform 0.3s ease-in-out;transition:opacity 0.25s ease,color 0.25s ease,transform 0.3s ease-in-out}.ss-apia .tg-item-overlay{position:absolute;display:block;top:0;left:0;width:100%;height:100%;opacity:0;text-align:center}.ss-apia .tg-media-button{position:absolute;display:block;top:0;left:0;width:100%;height:100%;cursor:pointer;opacity:0}.ss-apia .tg-media-button i{position:absolute;display:inline-block;top:50%;margin:-20px 0 0 0;width:100%;height:40px;line-height:40px;font-size:40px;text-align:center}.ss-apia:not(.tg-force-play):not(.tg-is-playing):hover:hover .tg-item-overlay,.ss-apia:not(.tg-force-play):not(.tg-is-playing):hover:hover .tg-item-media-button{opacity:1}.ss-apia:not(.tg-force-play):not(.tg-is-playing):hover .tg-media-button:hover{opacity:0.75}.ss-apia.tg-force-play .tg-media-button,.ss-apia.tg-is-playing .tg-media-button{opacity:0;visibility:hidden}.tg-item .tg-dark div,.tg-item .tg-dark h1,.tg-item .tg-dark h1 a,.tg-item .tg-dark h2,.tg-item .tg-dark h2 a,.tg-item .tg-dark h3,.tg-item .tg-dark h3 a,.tg-item .tg-dark h4,.tg-item .tg-dark h4 a,.tg-item .tg-dark h5,.tg-item .tg-dark h5 a,.tg-item .tg-dark h6,.tg-item .tg-dark h6 a,.tg-item .tg-dark a,.tg-item .tg-dark a.tg-link-url,.tg-item .tg-dark i,.tg-item .tg-dark .tg-media-button,.tg-item .tg-dark .tg-item-price span{color:#444444;fill:#444444;stroke:#444444;border-color:#444444}.tg-item .tg-dark p,.tg-item .tg-dark ol,.tg-item .tg-dark ul,.tg-item .tg-dark li{color:#777777;fill:#777777;stroke:#777777;border-color:#777777}.tg-item .tg-dark span,.tg-item .tg-dark .no-liked .to-heart-icon path,.tg-item .tg-dark .empty-heart .to-heart-icon path,.tg-item .tg-dark .tg-item-comment i,.tg-item .tg-dark .tg-item-price del span{color:#999999;fill:#999999;stroke:#999999;border-color:#999999}.tg-item .tg-light div,.tg-item .tg-light h1,.tg-item .tg-light h1 a,.tg-item .tg-light h2,.tg-item .tg-light h2 a,.tg-item .tg-light h3,.tg-item .tg-light h3 a,.tg-item .tg-light h4,.tg-item .tg-light h4 a,.tg-item .tg-light h5,.tg-item .tg-light h5 a,.tg-item .tg-light h6,.tg-item .tg-light h6 a,.tg-item .tg-light a,.tg-item .tg-light a.tg-link-url,.tg-item .tg-light i,.tg-item .tg-light .tg-media-button,.tg-item .tg-light .tg-item-price span{color:#ffffff;fill:#ffffff;stroke:#ffffff;border-color:#ffffff}.tg-item .tg-light p,.tg-item .tg-light ol,.tg-item .tg-light ul,.tg-item .tg-light li{color:#f6f6f6;fill:#f6f6f6;stroke:#f6f6f6;border-color:#f6f6f6}.tg-item .tg-light span,.tg-item .tg-light .no-liked .to-heart-icon path,.tg-item .tg-light .empty-heart .to-heart-icon path,.tg-item .tg-light .tg-item-comment i,.tg-item .tg-light .tg-item-price del span{color:#f5f5f5;fill:#f5f5f5;stroke:#f5f5f5;border-color:#f5f5f5}#grid-11289 .tg-item-content-holder{background-color:#ffffff}#grid-11289 .tg-item-overlay{background-color:rgba(22,22,22,0.65)}<\/style><!-- The Grid Item Sizer --><div class=\"tg-grid-sizer\"><\/div><!-- The Grid Gutter Sizer --><div class=\"tg-gutter-sizer\"><\/div><!-- The Grid Slider Wrapper Start --><div class=\"tg-grid-slider\"><!-- The Grid Items Holder --><div class=\"tg-grid-holder tg-layout-grid\"  data-name=\"start-finishbogen\"  data-style=\"grid\" data-row=\"1\" data-layout=\"horizontal\" data-rtl=\"\" data-fitrows=\"\" data-filtercomb=\"\" data-filterlogic=\"AND\" data-filterload =\"\" data-sortbyload =\"\" data-orderload =\"false\" data-fullwidth=\"\" data-fullheight=\"\" data-gutters=\"[[320,0],[480,0],[768,0],[980,0],[1200,0],[9999,0]]\" data-slider='{\"itemNav\":\"null\",\"swingSpeed\":0.1,\"cycleBy\":\"null\",\"cycle\":5000,\"startAt\":1}' data-ratio=\"1.33\" data-cols=\"[[320,3],[480,3],[768,3],[980,3],[1200,3],[9999,3]]\" data-rows=\"[[320,200],[480,200],[768,220],[980,220],[1200,240],[9999,240]]\" data-animation='{&quot;name&quot;:&quot;Fade in&quot;,&quot;visible&quot;:&quot;&quot;,&quot;hidden&quot;:&quot;&quot;}' data-transition=\"700ms\" data-ajaxmethod=\"\" data-ajaxdelay=\"100\" data-preloader=\"\" data-itemdelay=\"100\" data-gallery=\"\" data-ajax=\"\"><!-- The Grid item #1 --><article class=\"tg-item tg-post-9839 ss-apia\" data-row=\"1\" data-col=\"1\"><div class=\"tg-item-inner\"><div class=\"tg-item-media-holder tg-light\"><div class=\"tg-item-media-inner\"><img src=\"https:\/\/wedressair.com\/wp-content\/uploads\/2016\/11\/DSC_0441-400x400.jpg\" alt=\"Opblaasbare publiboog 14x7m DEME met externe blower\" class=\"tg-item-image\" width=\"510\" style=\"width: 100%; height: unset; max-width: 100%; max-height: unset; margin: auto auto !important;\"><\/div><div class=\"tg-item-overlay\"><\/div><a id=\"tolb-112899839\" class=\"tg-media-button\" data-tolb-src=\"https:\/\/wedressair.com\/wp-content\/uploads\/2016\/11\/DSC_0441.jpg\" data-tolb-type=\"image\" data-tolb-alt=\"Opblaasbare publiboog 14x7m DEME met externe blower\"><i class=\"tg-icon-add\"><\/i><\/a><\/div><\/div><\/article><!-- The Grid item #2 --><article class=\"tg-item tg-post-9833 ss-apia\" data-row=\"1\" data-col=\"1\"><div class=\"tg-item-inner\"><div class=\"tg-item-media-holder tg-light\"><div class=\"tg-item-media-inner\"><img src=\"https:\/\/wedressair.com\/wp-content\/uploads\/2016\/11\/34C-400x400.jpg\" alt=\"Boog 6x4m opblaasbaar Antwerp Diamond port chapter met interne blower\" class=\"tg-item-image\" width=\"510\" style=\"width: 100%; height: unset; max-width: 100%; max-height: unset; margin: auto auto !important;\"><\/div><div class=\"tg-item-overlay\"><\/div><a id=\"tolb-112899833\" class=\"tg-media-button\" data-tolb-src=\"https:\/\/wedressair.com\/wp-content\/uploads\/2016\/11\/34C.jpg\" data-tolb-type=\"image\" data-tolb-alt=\"Boog 6x4m opblaasbaar Antwerp Diamond port chapter met interne blower\"><i class=\"tg-icon-add\"><\/i><\/a><\/div><\/div><\/article><!-- The Grid item #3 --><article class=\"tg-item tg-post-9827 ss-apia\" data-row=\"1\" data-col=\"1\"><div class=\"tg-item-inner\"><div class=\"tg-item-media-holder tg-light\"><div class=\"tg-item-media-inner\"><img src=\"https:\/\/wedressair.com\/wp-content\/uploads\/2016\/11\/IMG_6337-400x400.jpg\" alt=\"Plopsa boog 14x7 full colourprint met interne voorziening\" class=\"tg-item-image\" width=\"510\" style=\"width: 100%; height: unset; max-width: 100%; max-height: unset; margin: auto auto !important;\"><\/div><div class=\"tg-item-overlay\"><\/div><a id=\"tolb-112899827\" class=\"tg-media-button\" data-tolb-src=\"https:\/\/wedressair.com\/wp-content\/uploads\/2016\/11\/IMG_6337.jpg\" data-tolb-type=\"image\" data-tolb-alt=\"Plopsa boog 14x7 full colourprint met interne voorziening\"><i class=\"tg-icon-add\"><\/i><\/a><\/div><\/div><\/article><\/div><\/div><!-- The Grid Slider Wrapper End --><\/div><!-- The Grid Wrapper End --><\/div><\/div>\n<\/div>\n    <\/div>\n\n<div class=\"e12765-10 x-section\" >\n    \n  \n<div class=\"e12765-11 x-container max width\" >\n    \n<div class=\"e12765-12 x-column x-sm x-1-2\" >\n    <h2  class=\"h-custom-headline h2\" ><span>Caract\u00e9ristiques techniques<\/span><\/h2><div class=\"x-text\"  ><p>Cr\u00e9ez plus d'impact avec nos arches de d\u00e9part et d'arriv\u00e9e imprim\u00e9es en full color.<\/p>\n<ul>\n<li><span>Mati\u00e8re :<\/span> polyester ou PVC<\/li>\n<li><span>Dimensions :<\/span> 4x3 m - 6x4 m - 10x5 m - 12x5 m - 14x7 m<\/li>\n<li><span>Comprend : mat\u00e9riel de fixation<\/span> et sac de transport robuste<\/li>\n<li><span>Options : <\/span>logo 3D possible, souffleur interne ou externe, banni\u00e8res velcro, forme au choix<\/li>\n<\/ul>\n<\/div><\/div>\n\n<div class=\"e12765-15 x-column x-sm x-1-2\" >\n    <div class=\"x-text\"  ><p>Pour la plupart des \u00e9v\u00e9nements sportifs, il est n\u00e9cessaire d'avoir des arches de d\u00e9part et d'arriv\u00e9e gonflables. Les courses cyclistes, courses \u00e0 pied et autres sont aujourd'hui incontournables dans notre paysage sportif. Heureusement, elles offrent de nombreuses possibilit\u00e9s. Les arches de d\u00e9part et d'arriv\u00e9e sont l\u2019eye-catcher par excellence lors d'\u00e9v\u00e9nements (sportifs). En effet, les points de d\u00e9part et d'arriv\u00e9e attirent toujours les foules et les m\u00e9dias, ce qui en fait l'endroit id\u00e9al pour les arches publicitaires. M\u00eame si vous organisez vous-m\u00eame un \u00e9v\u00e9nement, il est une bonne id\u00e9e d\u2019investir dans une bonne arche de d\u00e9part et d'arriv\u00e9e, car celles-ci restent l'\u00e9l\u00e9ment id\u00e9al pour renforcer votre \u00e9v\u00e9nement (sportif) ! Bien entendu, vous ne devez pas uniquement les placer au d\u00e9part et \u00e0 l'arriv\u00e9e, car les points d'affluence le long du parcours sont \u00e9galement parfaits pour braquer les projecteurs sur l'\u00e9v\u00e9nement ou les sponsors.<\/p>\n<\/div><h2  class=\"h-custom-headline h2\" ><span>Cr\u00e9ez plus d'impact avec nos arches gonflables de d\u00e9part et d'arriv\u00e9e <\/span><\/h2><div class=\"x-text\"  ><p>Nous offrons de nombreuses possibilit\u00e9s pour l'achat d'une arche de d\u00e9part et d'arriv\u00e9e. Chez nous, vous pouvez en effet faire r\u00e9aliser les arches dans un format standard, ou bien enti\u00e8rement sur mesure. De plus, nous fournissons toujours une impression full color, si bien qu\u2019il n'y a pas de limites en termes d'impression. Enfin, nous veillons \u00e0 ce que nos articles soient toujours livr\u00e9s pr\u00eats \u00e0 l'emploi, avec un souffleur interne, un sac de transport robuste et du mat\u00e9riel de fixation. Afin que vous puissiez vous mettre directement au travail\u00a0! Il n\u2019est pas possible de pr\u00e9voir une alimentation \u00e9lectrique constante ? Dans ce cas, nous proposons \u00e9galement des arches avec poumons int\u00e9rieurs pneumatiques. De plus, les arches pneumatiques pr\u00e9sentent de nombreux autres avantages. Cela vous int\u00e9resse ? Vous trouverez <a href=\"https:\/\/wedressair.com\/fr\/produits\/arche-pneumatique\/\"><span>ici<\/span><\/a> davantage d'informations sur les arches pneumatiques.<\/p>\n<\/div><h2  class=\"h-custom-headline h2\" ><span>De v\u00e9ritables eye-catchers avec les arches de d\u00e9part et d'arriv\u00e9e d\u2019Inflate <\/span><\/h2><div class=\"x-text\"  ><p>Chez Inflate, nous nous faisons un plaisir de vous conseiller les arches de d\u00e9part et d'arriv\u00e9e les mieux adapt\u00e9es \u00e0 vos besoins. Ensemble, nous traduisons vos souhaits et votre projet en une structure gonflable pour votre \u00e9v\u00e9nement. Pour ce faire, nous utilisons le meilleur mat\u00e9riel afin que votre \u00e9v\u00e9nement se passe comme sur des roulettes. Si vous avez besoin de soutien, nous proposons \u00e9galement un <span style=\"text-decoration: underline;\"><a href=\"https:\/\/wedressair.com\/fr\/service\/\">service complet<\/a><\/span>. Vous souhaitez davantage d'informations ou d\u00e9sirez discuter des possibilit\u00e9s ? N'h\u00e9sitez pas \u00e0 nous <span style=\"text-decoration: underline;\"><a href=\"https:\/\/wedressair.com\/fr\/contact\/\">contacter<\/a><\/span> d\u00e8s maintenant.<\/p>\n<\/div><\/div>\n<\/div>\n    <\/div>\n<div id=\"x-section-1\" class=\"x-section\" style=\"margin: 0px 0px -60px;padding: 60px 0px; background-color: hsl(0, 0%, 20%);\"  ><div class=\"x-container max width\" style=\"margin: 0px auto;padding: 0px;\"  ><div  class=\"x-column x-sm x-1-1\" style=\"padding: 0px;\" ><div class=\"x-text custom-footer-cta\"  ><p>Vous avez des questions ? Une id\u00e9e \u00e0 nous soumettre ? Envoyez-nous un e-mail ou appelez-nous pour un conseil sans engagement. <\/p>\n<p><a  class=\"x-btn x-btn-transparent x-btn-large\"  href=\"https:\/\/wedressair.com\/fr\/contact\/\"     data-options=\"thumbnail: ''\"><i  class=\"x-icon x-icon-hand-o-right\" data-x-icon-o=\"&#xf0a4;\" aria-hidden=\"true\"><\/i> CONTACTEZ-NOUS<\/a><\/p>\n<\/div><\/div><\/div><\/div><\/div>\n","protected":false},"excerpt":{"rendered":"","protected":false},"author":1,"featured_media":11174,"parent":9038,"menu_order":0,"comment_status":"closed","ping_status":"closed","template":"template-blank-4.php","meta":[],"yoast_head":"<!-- This site is optimized with the Yoast SEO plugin v20.4 - https:\/\/yoast.com\/wordpress\/plugins\/seo\/ -->\n<title>Arches de d\u00e9part et d&#039;arriv\u00e9e - Inflate<\/title>\n<meta name=\"robots\" content=\"index, follow, max-snippet:-1, max-image-preview:large, max-video-preview:-1\" \/>\n<link rel=\"canonical\" href=\"https:\/\/wedressair.com\/fr\/produits\/arches-de-depart-et-darrivee\/\" \/>\n<meta property=\"og:locale\" content=\"fr_FR\" \/>\n<meta property=\"og:type\" content=\"article\" \/>\n<meta property=\"og:title\" content=\"Arches de d\u00e9part et d&#039;arriv\u00e9e - Inflate\" \/>\n<meta property=\"og:url\" content=\"https:\/\/wedressair.com\/fr\/produits\/arches-de-depart-et-darrivee\/\" \/>\n<meta property=\"og:site_name\" content=\"Inflate\" \/>\n<meta property=\"article:modified_time\" content=\"2019-08-19T14:29:51+00:00\" \/>\n<meta property=\"og:image\" content=\"https:\/\/wedressair.com\/wp-content\/uploads\/2018\/12\/Homepage-Start-finishbogen.jpg\" \/>\n\t<meta property=\"og:image:width\" content=\"1200\" \/>\n\t<meta property=\"og:image:height\" content=\"800\" \/>\n\t<meta property=\"og:image:type\" content=\"image\/jpeg\" \/>\n<meta name=\"twitter:card\" content=\"summary_large_image\" \/>\n<meta name=\"twitter:label1\" content=\"Dur\u00e9e de lecture estim\u00e9e\" \/>\n\t<meta name=\"twitter:data1\" content=\"4 minutes\" \/>\n<script type=\"application\/ld+json\" class=\"yoast-schema-graph\">{\"@context\":\"https:\/\/schema.org\",\"@graph\":[{\"@type\":\"WebPage\",\"@id\":\"https:\/\/wedressair.com\/fr\/produits\/arches-de-depart-et-darrivee\/\",\"url\":\"https:\/\/wedressair.com\/fr\/produits\/arches-de-depart-et-darrivee\/\",\"name\":\"Arches de d\u00e9part et d'arriv\u00e9e - Inflate\",\"isPartOf\":{\"@id\":\"https:\/\/wedressair.com\/fr\/#website\"},\"datePublished\":\"2019-08-19T12:46:16+00:00\",\"dateModified\":\"2019-08-19T14:29:51+00:00\",\"breadcrumb\":{\"@id\":\"https:\/\/wedressair.com\/fr\/produits\/arches-de-depart-et-darrivee\/#breadcrumb\"},\"inLanguage\":\"fr-FR\",\"potentialAction\":[{\"@type\":\"ReadAction\",\"target\":[\"https:\/\/wedressair.com\/fr\/produits\/arches-de-depart-et-darrivee\/\"]}]},{\"@type\":\"BreadcrumbList\",\"@id\":\"https:\/\/wedressair.com\/fr\/produits\/arches-de-depart-et-darrivee\/#breadcrumb\",\"itemListElement\":[{\"@type\":\"ListItem\",\"position\":1,\"name\":\"Home\",\"item\":\"https:\/\/wedressair.com\/fr\/\"},{\"@type\":\"ListItem\",\"position\":2,\"name\":\"Produits\",\"item\":\"https:\/\/wedressair.com\/fr\/produits\/\"},{\"@type\":\"ListItem\",\"position\":3,\"name\":\"Arches de d\u00e9part et d&#8217;arriv\u00e9e\"}]},{\"@type\":\"WebSite\",\"@id\":\"https:\/\/wedressair.com\/fr\/#website\",\"url\":\"https:\/\/wedressair.com\/fr\/\",\"name\":\"Inflate\",\"description\":\"We dress air\",\"potentialAction\":[{\"@type\":\"SearchAction\",\"target\":{\"@type\":\"EntryPoint\",\"urlTemplate\":\"https:\/\/wedressair.com\/fr\/?s={search_term_string}\"},\"query-input\":\"required name=search_term_string\"}],\"inLanguage\":\"fr-FR\"}]}<\/script>\n<!-- \/ Yoast SEO plugin. -->","yoast_head_json":{"title":"Arches de d\u00e9part et d'arriv\u00e9e - Inflate","robots":{"index":"index","follow":"follow","max-snippet":"max-snippet:-1","max-image-preview":"max-image-preview:large","max-video-preview":"max-video-preview:-1"},"canonical":"https:\/\/wedressair.com\/fr\/produits\/arches-de-depart-et-darrivee\/","og_locale":"fr_FR","og_type":"article","og_title":"Arches de d\u00e9part et d'arriv\u00e9e - Inflate","og_url":"https:\/\/wedressair.com\/fr\/produits\/arches-de-depart-et-darrivee\/","og_site_name":"Inflate","article_modified_time":"2019-08-19T14:29:51+00:00","og_image":[{"width":1200,"height":800,"url":"https:\/\/wedressair.com\/wp-content\/uploads\/2018\/12\/Homepage-Start-finishbogen.jpg","type":"image\/jpeg"}],"twitter_card":"summary_large_image","twitter_misc":{"Dur\u00e9e de lecture estim\u00e9e":"4 minutes"},"schema":{"@context":"https:\/\/schema.org","@graph":[{"@type":"WebPage","@id":"https:\/\/wedressair.com\/fr\/produits\/arches-de-depart-et-darrivee\/","url":"https:\/\/wedressair.com\/fr\/produits\/arches-de-depart-et-darrivee\/","name":"Arches de d\u00e9part et d'arriv\u00e9e - Inflate","isPartOf":{"@id":"https:\/\/wedressair.com\/fr\/#website"},"datePublished":"2019-08-19T12:46:16+00:00","dateModified":"2019-08-19T14:29:51+00:00","breadcrumb":{"@id":"https:\/\/wedressair.com\/fr\/produits\/arches-de-depart-et-darrivee\/#breadcrumb"},"inLanguage":"fr-FR","potentialAction":[{"@type":"ReadAction","target":["https:\/\/wedressair.com\/fr\/produits\/arches-de-depart-et-darrivee\/"]}]},{"@type":"BreadcrumbList","@id":"https:\/\/wedressair.com\/fr\/produits\/arches-de-depart-et-darrivee\/#breadcrumb","itemListElement":[{"@type":"ListItem","position":1,"name":"Home","item":"https:\/\/wedressair.com\/fr\/"},{"@type":"ListItem","position":2,"name":"Produits","item":"https:\/\/wedressair.com\/fr\/produits\/"},{"@type":"ListItem","position":3,"name":"Arches de d\u00e9part et d&#8217;arriv\u00e9e"}]},{"@type":"WebSite","@id":"https:\/\/wedressair.com\/fr\/#website","url":"https:\/\/wedressair.com\/fr\/","name":"Inflate","description":"We dress air","potentialAction":[{"@type":"SearchAction","target":{"@type":"EntryPoint","urlTemplate":"https:\/\/wedressair.com\/fr\/?s={search_term_string}"},"query-input":"required name=search_term_string"}],"inLanguage":"fr-FR"}]}},"_links":{"self":[{"href":"https:\/\/wedressair.com\/fr\/wp-json\/wp\/v2\/pages\/12765"}],"collection":[{"href":"https:\/\/wedressair.com\/fr\/wp-json\/wp\/v2\/pages"}],"about":[{"href":"https:\/\/wedressair.com\/fr\/wp-json\/wp\/v2\/types\/page"}],"author":[{"embeddable":true,"href":"https:\/\/wedressair.com\/fr\/wp-json\/wp\/v2\/users\/1"}],"replies":[{"embeddable":true,"href":"https:\/\/wedressair.com\/fr\/wp-json\/wp\/v2\/comments?post=12765"}],"version-history":[{"count":0,"href":"https:\/\/wedressair.com\/fr\/wp-json\/wp\/v2\/pages\/12765\/revisions"}],"up":[{"embeddable":true,"href":"https:\/\/wedressair.com\/fr\/wp-json\/wp\/v2\/pages\/9038"}],"wp:featuredmedia":[{"embeddable":true,"href":"https:\/\/wedressair.com\/fr\/wp-json\/wp\/v2\/media\/11174"}],"wp:attachment":[{"href":"https:\/\/wedressair.com\/fr\/wp-json\/wp\/v2\/media?parent=12765"}],"curies":[{"name":"wp","href":"https:\/\/api.w.org\/{rel}","templated":true}]}}