{"id":9024,"date":"2018-01-18T16:20:21","date_gmt":"2018-01-18T14:20:21","guid":{"rendered":"https:\/\/wedressair.com\/?page_id=9024"},"modified":"2020-08-14T16:20:41","modified_gmt":"2020-08-14T14:20:41","slug":"contact","status":"publish","type":"page","link":"https:\/\/wedressair.com\/fr\/contact\/","title":{"rendered":"Contact"},"content":{"rendered":"<div id=\"cs-content\" class=\"cs-content\"  ><div id=\"x-section-1\" class=\"x-section\" style=\"margin: 0px;padding: 90px 0px 0px; background-color: transparent;\"  ><div class=\"x-container max width\" style=\"margin: 0px auto;padding: 0px;\"  ><div  class=\"x-column x-sm x-1-1\" style=\"padding: 0px 0px 45px;\" ><h1  class=\"h-custom-headline cs-ta-center mbs h1\" ><span>Comment pouvons-nous vous aider ?<\/span><\/h1><div class=\"x-text\"  ><p><\/p>\n<\/div><\/div><\/div><div class=\"x-container max width\" style=\"margin: 0px auto;padding: 0px;\"  ><div  class=\"x-column x-sm x-2-3\" style=\"padding: 0px;\" ><div class=\"x-text\"  ><p>Des questions ? Envie de nous parler de votre id\u00e9e ? Contactez-nous par courriel ou par t\u00e9l\u00e9phone pour des conseils sans engagement.<\/p>\n<\/div><script type=\"text\/javascript\">var gform;gform||(document.addEventListener(\"gform_main_scripts_loaded\",function(){gform.scriptsLoaded=!0}),window.addEventListener(\"DOMContentLoaded\",function(){gform.domLoaded=!0}),gform={domLoaded:!1,scriptsLoaded:!1,initializeOnLoaded:function(o){gform.domLoaded&&gform.scriptsLoaded?o():!gform.domLoaded&&gform.scriptsLoaded?window.addEventListener(\"DOMContentLoaded\",o):document.addEventListener(\"gform_main_scripts_loaded\",o)},hooks:{action:{},filter:{}},addAction:function(o,n,r,t){gform.addHook(\"action\",o,n,r,t)},addFilter:function(o,n,r,t){gform.addHook(\"filter\",o,n,r,t)},doAction:function(o){gform.doHook(\"action\",o,arguments)},applyFilters:function(o){return gform.doHook(\"filter\",o,arguments)},removeAction:function(o,n){gform.removeHook(\"action\",o,n)},removeFilter:function(o,n,r){gform.removeHook(\"filter\",o,n,r)},addHook:function(o,n,r,t,i){null==gform.hooks[o][n]&&(gform.hooks[o][n]=[]);var e=gform.hooks[o][n];null==i&&(i=n+\"_\"+e.length),gform.hooks[o][n].push({tag:i,callable:r,priority:t=null==t?10:t})},doHook:function(n,o,r){var t;if(r=Array.prototype.slice.call(r,1),null!=gform.hooks[n][o]&&((o=gform.hooks[n][o]).sort(function(o,n){return o.priority-n.priority}),o.forEach(function(o){\"function\"!=typeof(t=o.callable)&&(t=window[t]),\"action\"==n?t.apply(null,r):r[0]=t.apply(null,r)})),\"filter\"==n)return r[0]},removeHook:function(o,n,t,i){var r;null!=gform.hooks[o][n]&&(r=(r=gform.hooks[o][n]).filter(function(o,n,r){return!!(null!=i&&i!=o.tag||null!=t&&t!=o.priority)}),gform.hooks[o][n]=r)}});<\/script>\n                <div class='gf_browser_gecko gform_wrapper gform_legacy_markup_wrapper gform-theme--no-framework' data-form-theme='legacy' data-form-index='0' id='gform_wrapper_12' style='display:none'><div id='gf_12' class='gform_anchor' tabindex='-1'><\/div><form method='post' enctype='multipart\/form-data' target='gform_ajax_frame_12' id='gform_12'  action='\/fr\/wp-json\/wp\/v2\/pages\/9024#gf_12' data-formid='12' ><div class='gf_invisible ginput_recaptchav3' data-sitekey='6Leh9UEjAAAAAJFih5lgK3dokkXQvOg5C677Mc1B' data-tabindex='1'><input id=\"input_17bb4864a74f413b3a0a2922f6d0fb19\" class=\"gfield_recaptcha_response\" type=\"hidden\" name=\"input_17bb4864a74f413b3a0a2922f6d0fb19\" value=\"\"\/><\/div>\n                        <div class='gform-body gform_body'><ul id='gform_fields_12' class='gform_fields top_label form_sublabel_below description_below'><li id=\"field_12_1\"  class=\"gfield gfield--type-text gfield_contains_required field_sublabel_below gfield--no-description field_description_below gfield_visibility_visible\"  data-js-reload=\"field_12_1\"><label class='gfield_label gform-field-label' for='input_12_1' >Nom<span class=\"gfield_required\"><span class=\"gfield_required gfield_required_asterisk\">*<\/span><\/span><\/label><div class='ginput_container ginput_container_text'><input name='input_1' id='input_12_1' type='text' value='' class='large'   tabindex='2' placeholder='Naam' aria-required=\"true\" aria-invalid=\"false\"   \/> <\/div><\/li><li id=\"field_12_2\"  class=\"gfield gfield--type-text field_sublabel_below gfield--no-description field_description_below gfield_visibility_visible\"  data-js-reload=\"field_12_2\"><label class='gfield_label gform-field-label' for='input_12_2' >T\u00e9l\u00e9phone<\/label><div class='ginput_container ginput_container_text'><input name='input_2' id='input_12_2' type='text' value='' class='large'   tabindex='3' placeholder='Telefoon'  aria-invalid=\"false\"   \/> <\/div><\/li><li id=\"field_12_3\"  class=\"gfield gfield--type-email gfield_contains_required field_sublabel_below gfield--no-description field_description_below gfield_visibility_visible\"  data-js-reload=\"field_12_3\"><label class='gfield_label gform-field-label' for='input_12_3' >Adresse e-mail<span class=\"gfield_required\"><span class=\"gfield_required gfield_required_asterisk\">*<\/span><\/span><\/label><div class='ginput_container ginput_container_email'>\n                            <input name='input_3' id='input_12_3' type='text' value='' class='large' tabindex='4'  placeholder='E-mailadres' aria-required=\"true\" aria-invalid=\"false\"  \/>\n                        <\/div><\/li><li id=\"field_12_5\"  class=\"gfield gfield--type-text field_sublabel_below gfield--no-description field_description_below gfield_visibility_hidden\"  data-js-reload=\"field_12_5\"><div class='admin-hidden-markup'><i class='gform-icon gform-icon--hidden'><\/i><span>Hidden<\/span><\/div><label class='gfield_label gform-field-label' for='input_12_5' >Website<\/label><div class='ginput_container ginput_container_text'><input name='input_5' id='input_12_5' type='text' value='' class='large'   tabindex='5'   aria-invalid=\"false\"   \/> <\/div><\/li><li id=\"field_12_4\"  class=\"gfield gfield--type-textarea field_sublabel_below gfield--no-description field_description_below gfield_visibility_visible\"  data-js-reload=\"field_12_4\"><label class='gfield_label gform-field-label' for='input_12_4' >Message<\/label><div class='ginput_container ginput_container_textarea'><textarea name='input_4' id='input_12_4' class='textarea large' tabindex='6'   placeholder='Bericht'  aria-invalid=\"false\"   rows='10' cols='50'><\/textarea><\/div><\/li><li id=\"field_12_6\"  class=\"gfield gfield--type-fileupload field_sublabel_below gfield--no-description field_description_below gfield_visibility_visible\"  data-js-reload=\"field_12_6\"><label class='gfield_label gform-field-label' for='gform_browse_button_12_6' >T\u00e9l\u00e9charger un fichier<\/label><div class='ginput_container ginput_container_fileupload'><div id='gform_multifile_upload_12_6' data-settings='{&quot;runtimes&quot;:&quot;html5,flash,html4&quot;,&quot;browse_button&quot;:&quot;gform_browse_button_12_6&quot;,&quot;container&quot;:&quot;gform_multifile_upload_12_6&quot;,&quot;drop_element&quot;:&quot;gform_drag_drop_area_12_6&quot;,&quot;filelist&quot;:&quot;gform_preview_12_6&quot;,&quot;unique_names&quot;:true,&quot;file_data_name&quot;:&quot;file&quot;,&quot;url&quot;:&quot;https:\\\/\\\/wedressair.com\\\/?gf_page=02b6a409304f323&quot;,&quot;flash_swf_url&quot;:&quot;https:\\\/\\\/wedressair.com\\\/wp-includes\\\/js\\\/plupload\\\/plupload.flash.swf&quot;,&quot;silverlight_xap_url&quot;:&quot;https:\\\/\\\/wedressair.com\\\/wp-includes\\\/js\\\/plupload\\\/plupload.silverlight.xap&quot;,&quot;filters&quot;:{&quot;mime_types&quot;:[{&quot;title&quot;:&quot;Fichiers autoris\\u00e9s&quot;,&quot;extensions&quot;:&quot;*&quot;}],&quot;max_file_size&quot;:&quot;268435456b&quot;},&quot;multipart&quot;:true,&quot;urlstream_upload&quot;:false,&quot;multipart_params&quot;:{&quot;form_id&quot;:12,&quot;field_id&quot;:6},&quot;gf_vars&quot;:{&quot;max_files&quot;:0,&quot;message_id&quot;:&quot;gform_multifile_messages_12_6&quot;,&quot;disallowed_extensions&quot;:[&quot;php&quot;,&quot;asp&quot;,&quot;aspx&quot;,&quot;cmd&quot;,&quot;csh&quot;,&quot;bat&quot;,&quot;html&quot;,&quot;htm&quot;,&quot;hta&quot;,&quot;jar&quot;,&quot;exe&quot;,&quot;com&quot;,&quot;js&quot;,&quot;lnk&quot;,&quot;htaccess&quot;,&quot;phtml&quot;,&quot;ps1&quot;,&quot;ps2&quot;,&quot;php3&quot;,&quot;php4&quot;,&quot;php5&quot;,&quot;php6&quot;,&quot;py&quot;,&quot;rb&quot;,&quot;tmp&quot;]}}' class='gform_fileupload_multifile'>\n\t\t\t\t\t\t\t\t\t\t<div id='gform_drag_drop_area_12_6' class='gform_drop_area gform-theme-field-control'>\n\t\t\t\t\t\t\t\t\t\t\t<span class='gform_drop_instructions'>D\u00e9poser les fichiers ici ou <\/span>\n\t\t\t\t\t\t\t\t\t\t\t<button type='button' id='gform_browse_button_12_6' class='button gform_button_select_files' aria-describedby=\"gfield_upload_rules_12_6\" tabindex='7' >S\u00e9lectionnez des fichiers<\/button>\n\t\t\t\t\t\t\t\t\t\t<\/div>\n\t\t\t\t\t\t\t\t\t<\/div><span class='gfield_description gform_fileupload_rules' id='gfield_upload_rules_12_6'>Taille max. des fichiers\u00a0: 256 MB.<\/span><ul class='validation_message--hidden-on-empty gform-ul-reset' id='gform_multifile_messages_12_6'><\/ul> <!-- Leave <ul> empty to support CSS :empty selector. --><\/div><div id='gform_preview_12_6' class='ginput_preview_list'><\/div><\/li><\/ul><\/div>\n        <div class='gform_footer top_label'> <input type='submit' id='gform_submit_button_12' class='gform_button button' value='Exp\u00e9dition' tabindex='8' onclick='if(window[\"gf_submitting_12\"]){return false;}  window[\"gf_submitting_12\"]=true;  ' onkeypress='if( event.keyCode == 13 ){ if(window[\"gf_submitting_12\"]){return false;} window[\"gf_submitting_12\"]=true;  jQuery(\"#gform_12\").trigger(\"submit\",[true]); }' \/> <input type='hidden' name='gform_ajax' value='form_id=12&amp;title=&amp;description=&amp;tabindex=1' \/>\n            <input type='hidden' class='gform_hidden' name='is_submit_12' value='1' \/>\n            <input type='hidden' class='gform_hidden' name='gform_submit' value='12' \/>\n            \n            <input type='hidden' class='gform_hidden' name='gform_unique_id' value='' \/>\n            <input type='hidden' class='gform_hidden' name='state_12' value='WyJbXSIsIjdmZTAyZjMxZTY3NGZhODRlNGIzOGJmM2UyYzEzZDA2Il0=' \/>\n            <input type='hidden' class='gform_hidden' name='gform_target_page_number_12' id='gform_target_page_number_12' value='0' \/>\n            <input type='hidden' class='gform_hidden' name='gform_source_page_number_12' id='gform_source_page_number_12' value='1' \/>\n            <input type='hidden' name='gform_field_values' value='' \/>\n            <input type='hidden' name='gform_uploaded_files' id='gform_uploaded_files_12' value='' \/>\n        <\/div>\n                        <\/form>\n                        <\/div>\n\t\t                <iframe style='display:none;width:0px;height:0px;' src='about:blank' name='gform_ajax_frame_12' id='gform_ajax_frame_12' title='Cette iframe contient la logique n\u00e9cessaire pour manipuler Gravity Forms avec Ajax.'><\/iframe>\n\t\t                <script type=\"text\/javascript\">\ngform.initializeOnLoaded( function() {gformInitSpinner( 12, 'https:\/\/wedressair.com\/wp-content\/plugins\/gravityforms\/images\/spinner.svg', true );jQuery('#gform_ajax_frame_12').on('load',function(){var contents = jQuery(this).contents().find('*').html();var is_postback = contents.indexOf('GF_AJAX_POSTBACK') >= 0;if(!is_postback){return;}var form_content = jQuery(this).contents().find('#gform_wrapper_12');var is_confirmation = jQuery(this).contents().find('#gform_confirmation_wrapper_12').length > 0;var is_redirect = contents.indexOf('gformRedirect(){') >= 0;var is_form = form_content.length > 0 && ! is_redirect && ! is_confirmation;var mt = parseInt(jQuery('html').css('margin-top'), 10) + parseInt(jQuery('body').css('margin-top'), 10) + 100;if(is_form){jQuery('#gform_wrapper_12').html(form_content.html());if(form_content.hasClass('gform_validation_error')){jQuery('#gform_wrapper_12').addClass('gform_validation_error');} else {jQuery('#gform_wrapper_12').removeClass('gform_validation_error');}setTimeout( function() { \/* delay the scroll by 50 milliseconds to fix a bug in chrome *\/ jQuery(document).scrollTop(jQuery('#gform_wrapper_12').offset().top - mt); }, 50 );if(window['gformInitDatepicker']) {gformInitDatepicker();}if(window['gformInitPriceFields']) {gformInitPriceFields();}var current_page = jQuery('#gform_source_page_number_12').val();gformInitSpinner( 12, 'https:\/\/wedressair.com\/wp-content\/plugins\/gravityforms\/images\/spinner.svg', true );jQuery(document).trigger('gform_page_loaded', [12, current_page]);window['gf_submitting_12'] = false;}else if(!is_redirect){var confirmation_content = jQuery(this).contents().find('.GF_AJAX_POSTBACK').html();if(!confirmation_content){confirmation_content = contents;}setTimeout(function(){jQuery('#gform_wrapper_12').replaceWith(confirmation_content);jQuery(document).scrollTop(jQuery('#gf_12').offset().top - mt);jQuery(document).trigger('gform_confirmation_loaded', [12]);window['gf_submitting_12'] = false;wp.a11y.speak(jQuery('#gform_confirmation_message_12').text());}, 50);}else{jQuery('#gform_12').append(contents);if(window['gformRedirect']) {gformRedirect();}}jQuery(document).trigger('gform_post_render', [12, current_page]);} );} );\n<\/script>\n<\/div><div  class=\"x-column x-sm x-1-3\" style=\"padding: 0px;\" ><div class=\"x-text\"  ><h2>Coordonn\u00e9es<\/h2>\n<p><strong>Inflate SPRL<\/strong><br \/>\n<i  class=\"x-icon x-icon-mobile\" data-x-icon-s=\"&#xf10b;\" aria-hidden=\"true\"><\/i> <a href=\"tel:+32476743776\">+32 476 74 37 76<\/a><br \/>\n<i  class=\"x-icon x-icon-envelope-o\" data-x-icon-o=\"&#xf0e0;\" aria-hidden=\"true\"><\/i> <a href=\"mailto:info@inflate.be\">info@inflate.be<\/a><br \/>\n<i  class=\"x-icon x-icon-map-marker\" data-x-icon-s=\"&#xf041;\" aria-hidden=\"true\"><\/i>  <a href=\"https:\/\/goo.gl\/maps\/q8fcG56UNU7MNJq56\" target=\"_blank\" rel=\"noopener noreferrer\"> Oostmalsesteenweg 106 unit 2A, 2520 Emblem, Belgi\u00eb<\/a><\/p>\n<p>TVA : BE0536 822 942<\/p>\n<\/div><\/div><\/div><\/div><div id=\"x-section-2\" class=\"x-section\" style=\"margin: 0px 0px -60px;padding: 45px 0px 0px; background-color: transparent;\"  ><div class=\"x-container\" style=\"margin: 0px auto;padding: 0px;\"  ><div  class=\"x-column x-sm x-1-1\" style=\"padding: 0px;height:500px;\" ><div id=\"x-google-map-1\" class=\"x-map x-google-map\" data-x-element=\"google_map\" data-x-params=\"{&quot;lat&quot;:&quot;51.172952&quot;,&quot;lng&quot;:&quot;4.624118&quot;,&quot;drag&quot;:true,&quot;zoom&quot;:&quot;15&quot;,&quot;zoomControl&quot;:true,&quot;hue&quot;:&quot;&quot;}\"  ><div class=\"x-map-inner x-google-map-inner\" style=\"padding-bottom: 500px;\"><\/div><div class=\"x-google-map-marker\" style=\"position: absolute; visibility: hidden;\" data-x-element=\"google_map_marker\" data-x-params=\"{&quot;lat&quot;:&quot;51.172952&quot;,&quot;lng&quot;:&quot;4.624118&quot;,&quot;markerInfo&quot;:&quot;Inflate BVBA&quot;,&quot;startOpen&quot;:false}\" ><\/div><\/div><\/div><\/div><\/div><\/div>\n","protected":false},"excerpt":{"rendered":"<p>Comment pouvons-nous vous aider ? Des questions ? Envie de nous parler de votre id\u00e9e ? Contactez-nous par courriel ou par t\u00e9l\u00e9phone pour des conseils sans engagement. Nom*T\u00e9l\u00e9phoneAdresse e-mail* WebsiteMessageT\u00e9l\u00e9charger un fichier D\u00e9poser les fichiers ici ou jQuery(document).ready(function($){gformInitSpinner( 12, &#8216;https:\/\/wedressair.com\/wp-content\/plugins\/gravityforms\/images\/spinner.gif&#8217; );jQuery(&#8216;#gform_ajax_frame_12&#8217;).on(&#8216;load&#8217;,function(){var contents = jQuery(this).contents().find(&#8216;*&#8217;).html();var is_postback = contents.indexOf(&#8216;GF_AJAX_POSTBACK&#8217;) >= 0;if(!is_postback){return;}var form_content = jQuery(this).contents().find(&#8216;#gform_wrapper_12&#8217;);var is_confirmation = jQuery(this).contents().find(&#8216;#gform_confirmation_wrapper_12&#8217;).length > 0;var is_redirect = contents.indexOf(&#8216;gformRedirect(){&#8216;) &#8230; <a href=\"https:\/\/wedressair.com\/fr\/contact\/\" class=\"more-link\">Read More<\/a><\/p>\n","protected":false},"author":1,"featured_media":0,"parent":0,"menu_order":0,"comment_status":"closed","ping_status":"closed","template":"template-blank-4.php","meta":[],"yoast_head":"<!-- This site is optimized with the Yoast SEO plugin v20.4 - https:\/\/yoast.com\/wordpress\/plugins\/seo\/ -->\n<title>Souhaitez-vous plus d&#039;informations sur les structures gonflables? Contact Gonflez!<\/title>\n<meta name=\"description\" content=\"Comment pouvons-nous vous aider? Des questions? Envie de nous parler de votre id\u00e9e? Contactez-nous par courriel ou par t\u00e9l\u00e9phone pour des conseils sans engagement.\" \/>\n<meta name=\"robots\" content=\"index, follow, max-snippet:-1, max-image-preview:large, max-video-preview:-1\" \/>\n<link rel=\"canonical\" href=\"https:\/\/wedressair.com\/fr\/contact\/\" \/>\n<meta property=\"og:locale\" content=\"fr_FR\" \/>\n<meta property=\"og:type\" content=\"article\" \/>\n<meta property=\"og:title\" content=\"Souhaitez-vous plus d&#039;informations sur les structures gonflables? Contact Gonflez!\" \/>\n<meta property=\"og:description\" content=\"Comment pouvons-nous vous aider? Des questions? Envie de nous parler de votre id\u00e9e? Contactez-nous par courriel ou par t\u00e9l\u00e9phone pour des conseils sans engagement.\" \/>\n<meta property=\"og:url\" content=\"https:\/\/wedressair.com\/fr\/contact\/\" \/>\n<meta property=\"og:site_name\" content=\"Inflate\" \/>\n<meta property=\"article:modified_time\" content=\"2020-08-14T14:20:41+00:00\" \/>\n<meta name=\"twitter:card\" content=\"summary_large_image\" \/>\n<meta name=\"twitter:label1\" content=\"Dur\u00e9e de lecture estim\u00e9e\" \/>\n\t<meta name=\"twitter:data1\" content=\"4 minutes\" \/>\n<script type=\"application\/ld+json\" class=\"yoast-schema-graph\">{\"@context\":\"https:\/\/schema.org\",\"@graph\":[{\"@type\":\"WebPage\",\"@id\":\"https:\/\/wedressair.com\/fr\/contact\/\",\"url\":\"https:\/\/wedressair.com\/fr\/contact\/\",\"name\":\"Souhaitez-vous plus d'informations sur les structures gonflables? Contact Gonflez!\",\"isPartOf\":{\"@id\":\"https:\/\/wedressair.com\/fr\/#website\"},\"datePublished\":\"2018-01-18T14:20:21+00:00\",\"dateModified\":\"2020-08-14T14:20:41+00:00\",\"description\":\"Comment pouvons-nous vous aider? Des questions? Envie de nous parler de votre id\u00e9e? Contactez-nous par courriel ou par t\u00e9l\u00e9phone pour des conseils sans engagement.\",\"breadcrumb\":{\"@id\":\"https:\/\/wedressair.com\/fr\/contact\/#breadcrumb\"},\"inLanguage\":\"fr-FR\",\"potentialAction\":[{\"@type\":\"ReadAction\",\"target\":[\"https:\/\/wedressair.com\/fr\/contact\/\"]}]},{\"@type\":\"BreadcrumbList\",\"@id\":\"https:\/\/wedressair.com\/fr\/contact\/#breadcrumb\",\"itemListElement\":[{\"@type\":\"ListItem\",\"position\":1,\"name\":\"Home\",\"item\":\"https:\/\/wedressair.com\/fr\/\"},{\"@type\":\"ListItem\",\"position\":2,\"name\":\"Contact\"}]},{\"@type\":\"WebSite\",\"@id\":\"https:\/\/wedressair.com\/fr\/#website\",\"url\":\"https:\/\/wedressair.com\/fr\/\",\"name\":\"Inflate\",\"description\":\"We dress air\",\"potentialAction\":[{\"@type\":\"SearchAction\",\"target\":{\"@type\":\"EntryPoint\",\"urlTemplate\":\"https:\/\/wedressair.com\/fr\/?s={search_term_string}\"},\"query-input\":\"required name=search_term_string\"}],\"inLanguage\":\"fr-FR\"}]}<\/script>\n<!-- \/ Yoast SEO plugin. -->","yoast_head_json":{"title":"Souhaitez-vous plus d'informations sur les structures gonflables? Contact Gonflez!","description":"Comment pouvons-nous vous aider? Des questions? Envie de nous parler de votre id\u00e9e? Contactez-nous par courriel ou par t\u00e9l\u00e9phone pour des conseils sans engagement.","robots":{"index":"index","follow":"follow","max-snippet":"max-snippet:-1","max-image-preview":"max-image-preview:large","max-video-preview":"max-video-preview:-1"},"canonical":"https:\/\/wedressair.com\/fr\/contact\/","og_locale":"fr_FR","og_type":"article","og_title":"Souhaitez-vous plus d'informations sur les structures gonflables? Contact Gonflez!","og_description":"Comment pouvons-nous vous aider? Des questions? Envie de nous parler de votre id\u00e9e? Contactez-nous par courriel ou par t\u00e9l\u00e9phone pour des conseils sans engagement.","og_url":"https:\/\/wedressair.com\/fr\/contact\/","og_site_name":"Inflate","article_modified_time":"2020-08-14T14:20:41+00:00","twitter_card":"summary_large_image","twitter_misc":{"Dur\u00e9e de lecture estim\u00e9e":"4 minutes"},"schema":{"@context":"https:\/\/schema.org","@graph":[{"@type":"WebPage","@id":"https:\/\/wedressair.com\/fr\/contact\/","url":"https:\/\/wedressair.com\/fr\/contact\/","name":"Souhaitez-vous plus d'informations sur les structures gonflables? Contact Gonflez!","isPartOf":{"@id":"https:\/\/wedressair.com\/fr\/#website"},"datePublished":"2018-01-18T14:20:21+00:00","dateModified":"2020-08-14T14:20:41+00:00","description":"Comment pouvons-nous vous aider? Des questions? Envie de nous parler de votre id\u00e9e? Contactez-nous par courriel ou par t\u00e9l\u00e9phone pour des conseils sans engagement.","breadcrumb":{"@id":"https:\/\/wedressair.com\/fr\/contact\/#breadcrumb"},"inLanguage":"fr-FR","potentialAction":[{"@type":"ReadAction","target":["https:\/\/wedressair.com\/fr\/contact\/"]}]},{"@type":"BreadcrumbList","@id":"https:\/\/wedressair.com\/fr\/contact\/#breadcrumb","itemListElement":[{"@type":"ListItem","position":1,"name":"Home","item":"https:\/\/wedressair.com\/fr\/"},{"@type":"ListItem","position":2,"name":"Contact"}]},{"@type":"WebSite","@id":"https:\/\/wedressair.com\/fr\/#website","url":"https:\/\/wedressair.com\/fr\/","name":"Inflate","description":"We dress air","potentialAction":[{"@type":"SearchAction","target":{"@type":"EntryPoint","urlTemplate":"https:\/\/wedressair.com\/fr\/?s={search_term_string}"},"query-input":"required name=search_term_string"}],"inLanguage":"fr-FR"}]}},"_links":{"self":[{"href":"https:\/\/wedressair.com\/fr\/wp-json\/wp\/v2\/pages\/9024"}],"collection":[{"href":"https:\/\/wedressair.com\/fr\/wp-json\/wp\/v2\/pages"}],"about":[{"href":"https:\/\/wedressair.com\/fr\/wp-json\/wp\/v2\/types\/page"}],"author":[{"embeddable":true,"href":"https:\/\/wedressair.com\/fr\/wp-json\/wp\/v2\/users\/1"}],"replies":[{"embeddable":true,"href":"https:\/\/wedressair.com\/fr\/wp-json\/wp\/v2\/comments?post=9024"}],"version-history":[{"count":0,"href":"https:\/\/wedressair.com\/fr\/wp-json\/wp\/v2\/pages\/9024\/revisions"}],"wp:attachment":[{"href":"https:\/\/wedressair.com\/fr\/wp-json\/wp\/v2\/media?parent=9024"}],"curies":[{"name":"wp","href":"https:\/\/api.w.org\/{rel}","templated":true}]}}