{"id":9028,"date":"2018-01-18T16:22:51","date_gmt":"2018-01-18T14:22:51","guid":{"rendered":"https:\/\/wedressair.com\/?page_id=9028"},"modified":"2018-01-23T15:11:54","modified_gmt":"2018-01-23T13:11:54","slug":"cookies","status":"publish","type":"page","link":"https:\/\/wedressair.com\/fr\/cookies\/","title":{"rendered":"Cookies"},"content":{"rendered":"<h2>Utilisation de cookies sur ce site web<\/h2>\n<p>Nous souhaitons informer les visiteurs de ce site web au sujet de l&#8217;utilisation de cookies. Les cookies sont des petits fichiers de texte qui sont mis sur le disque dur de l&#8217;ordinateur des visiteurs du site web. Ils contiennent des informations telles que la pr\u00e9f\u00e9rence linguistique du surfeur, de sorte qu&#8217;il ne doit plus redonner ces informations lors d&#8217;une visite suivante sur le m\u00eame site web. Certains cookies font qu&#8217;un site web ait une bonne pr\u00e9sentation graphique, d&#8217;autres qu&#8217;une application de site web fonctionne correctement. D&#8217;autres cookies sont utilis\u00e9s pour rassembler des statistiques de nos visiteurs, pour ainsi am\u00e9liorer notre site web \u00e0 l&#8217;avenir.<\/p>\n<h2>Bloquer les cookies ?<\/h2>\n<p>Si vous souhaitez bloquer des cookies, vous pouvez le faire par le biais des r\u00e9glages de votre navigateur. Consultez, \u00e0 cet effet, la fonction d&#8217;aide de votre navigateur. Lorsque vous supprimez les cookies, tenez toutefois compte du fait que certains \u00e9l\u00e9ments graphiques ne seront peut-\u00eatre pas bien pr\u00e9sent\u00e9s ou que vous ne pouvez pas utiliser certaines applications.<\/p>\n<h2>Accord<\/h2>\n<p>Par le fait de continuer d&#8217;utiliser ce site web sans bloquer les cookies dans les r\u00e9glages de votre navigateur, vous marquez votre accord, en tant que visiteur de ce site web, sur l&#8217;utilisation de cookies. Vous pouvez, \u00e0 tout moment, supprimer les cookies d\u00e9j\u00e0 install\u00e9s de votre ordinateur ou de votre appareil mobile.<\/p>\n","protected":false},"excerpt":{"rendered":"<p>Utilisation de cookies sur ce site web Nous souhaitons informer les visiteurs de ce site web au sujet de l&#8217;utilisation de cookies. Les cookies sont des petits fichiers de texte qui sont mis sur le disque dur de l&#8217;ordinateur des visiteurs du site web. Ils contiennent des informations telles que la pr\u00e9f\u00e9rence linguistique du surfeur, de sorte qu&#8217;il ne doit &#8230; <a href=\"https:\/\/wedressair.com\/fr\/cookies\/\" class=\"more-link\">Read More<\/a><\/p>\n","protected":false},"author":1,"featured_media":0,"parent":0,"menu_order":0,"comment_status":"closed","ping_status":"closed","template":"","meta":[],"yoast_head":"<!-- This site is optimized with the Yoast SEO plugin v20.4 - https:\/\/yoast.com\/wordpress\/plugins\/seo\/ -->\n<title>Cookies - Inflate<\/title>\n<meta name=\"robots\" content=\"index, follow, max-snippet:-1, max-image-preview:large, max-video-preview:-1\" \/>\n<link rel=\"canonical\" href=\"https:\/\/wedressair.com\/fr\/cookies\/\" \/>\n<meta property=\"og:locale\" content=\"fr_FR\" \/>\n<meta property=\"og:type\" content=\"article\" \/>\n<meta property=\"og:title\" content=\"Cookies - Inflate\" \/>\n<meta property=\"og:description\" content=\"Utilisation de cookies sur ce site web Nous souhaitons informer les visiteurs de ce site web au sujet de l&#8217;utilisation de cookies. Les cookies sont des petits fichiers de texte qui sont mis sur le disque dur de l&#8217;ordinateur des visiteurs du site web. Ils contiennent des informations telles que la pr\u00e9f\u00e9rence linguistique du surfeur, de sorte qu&#8217;il ne doit ... Read More\" \/>\n<meta property=\"og:url\" content=\"https:\/\/wedressair.com\/fr\/cookies\/\" \/>\n<meta property=\"og:site_name\" content=\"Inflate\" \/>\n<meta property=\"article:modified_time\" content=\"2018-01-23T13:11:54+00:00\" \/>\n<meta name=\"twitter:card\" content=\"summary_large_image\" \/>\n<meta name=\"twitter:label1\" content=\"Dur\u00e9e de lecture estim\u00e9e\" \/>\n\t<meta name=\"twitter:data1\" content=\"1 minute\" \/>\n<script type=\"application\/ld+json\" class=\"yoast-schema-graph\">{\"@context\":\"https:\/\/schema.org\",\"@graph\":[{\"@type\":\"WebPage\",\"@id\":\"https:\/\/wedressair.com\/fr\/cookies\/\",\"url\":\"https:\/\/wedressair.com\/fr\/cookies\/\",\"name\":\"Cookies - Inflate\",\"isPartOf\":{\"@id\":\"https:\/\/wedressair.com\/fr\/#website\"},\"datePublished\":\"2018-01-18T14:22:51+00:00\",\"dateModified\":\"2018-01-23T13:11:54+00:00\",\"breadcrumb\":{\"@id\":\"https:\/\/wedressair.com\/fr\/cookies\/#breadcrumb\"},\"inLanguage\":\"fr-FR\",\"potentialAction\":[{\"@type\":\"ReadAction\",\"target\":[\"https:\/\/wedressair.com\/fr\/cookies\/\"]}]},{\"@type\":\"BreadcrumbList\",\"@id\":\"https:\/\/wedressair.com\/fr\/cookies\/#breadcrumb\",\"itemListElement\":[{\"@type\":\"ListItem\",\"position\":1,\"name\":\"Home\",\"item\":\"https:\/\/wedressair.com\/fr\/\"},{\"@type\":\"ListItem\",\"position\":2,\"name\":\"Cookies\"}]},{\"@type\":\"WebSite\",\"@id\":\"https:\/\/wedressair.com\/fr\/#website\",\"url\":\"https:\/\/wedressair.com\/fr\/\",\"name\":\"Inflate\",\"description\":\"We dress air\",\"potentialAction\":[{\"@type\":\"SearchAction\",\"target\":{\"@type\":\"EntryPoint\",\"urlTemplate\":\"https:\/\/wedressair.com\/fr\/?s={search_term_string}\"},\"query-input\":\"required name=search_term_string\"}],\"inLanguage\":\"fr-FR\"}]}<\/script>\n<!-- \/ Yoast SEO plugin. -->","yoast_head_json":{"title":"Cookies - Inflate","robots":{"index":"index","follow":"follow","max-snippet":"max-snippet:-1","max-image-preview":"max-image-preview:large","max-video-preview":"max-video-preview:-1"},"canonical":"https:\/\/wedressair.com\/fr\/cookies\/","og_locale":"fr_FR","og_type":"article","og_title":"Cookies - Inflate","og_description":"Utilisation de cookies sur ce site web Nous souhaitons informer les visiteurs de ce site web au sujet de l&#8217;utilisation de cookies. Les cookies sont des petits fichiers de texte qui sont mis sur le disque dur de l&#8217;ordinateur des visiteurs du site web. Ils contiennent des informations telles que la pr\u00e9f\u00e9rence linguistique du surfeur, de sorte qu&#8217;il ne doit ... Read More","og_url":"https:\/\/wedressair.com\/fr\/cookies\/","og_site_name":"Inflate","article_modified_time":"2018-01-23T13:11:54+00:00","twitter_card":"summary_large_image","twitter_misc":{"Dur\u00e9e de lecture estim\u00e9e":"1 minute"},"schema":{"@context":"https:\/\/schema.org","@graph":[{"@type":"WebPage","@id":"https:\/\/wedressair.com\/fr\/cookies\/","url":"https:\/\/wedressair.com\/fr\/cookies\/","name":"Cookies - Inflate","isPartOf":{"@id":"https:\/\/wedressair.com\/fr\/#website"},"datePublished":"2018-01-18T14:22:51+00:00","dateModified":"2018-01-23T13:11:54+00:00","breadcrumb":{"@id":"https:\/\/wedressair.com\/fr\/cookies\/#breadcrumb"},"inLanguage":"fr-FR","potentialAction":[{"@type":"ReadAction","target":["https:\/\/wedressair.com\/fr\/cookies\/"]}]},{"@type":"BreadcrumbList","@id":"https:\/\/wedressair.com\/fr\/cookies\/#breadcrumb","itemListElement":[{"@type":"ListItem","position":1,"name":"Home","item":"https:\/\/wedressair.com\/fr\/"},{"@type":"ListItem","position":2,"name":"Cookies"}]},{"@type":"WebSite","@id":"https:\/\/wedressair.com\/fr\/#website","url":"https:\/\/wedressair.com\/fr\/","name":"Inflate","description":"We dress air","potentialAction":[{"@type":"SearchAction","target":{"@type":"EntryPoint","urlTemplate":"https:\/\/wedressair.com\/fr\/?s={search_term_string}"},"query-input":"required name=search_term_string"}],"inLanguage":"fr-FR"}]}},"_links":{"self":[{"href":"https:\/\/wedressair.com\/fr\/wp-json\/wp\/v2\/pages\/9028"}],"collection":[{"href":"https:\/\/wedressair.com\/fr\/wp-json\/wp\/v2\/pages"}],"about":[{"href":"https:\/\/wedressair.com\/fr\/wp-json\/wp\/v2\/types\/page"}],"author":[{"embeddable":true,"href":"https:\/\/wedressair.com\/fr\/wp-json\/wp\/v2\/users\/1"}],"replies":[{"embeddable":true,"href":"https:\/\/wedressair.com\/fr\/wp-json\/wp\/v2\/comments?post=9028"}],"version-history":[{"count":0,"href":"https:\/\/wedressair.com\/fr\/wp-json\/wp\/v2\/pages\/9028\/revisions"}],"wp:attachment":[{"href":"https:\/\/wedressair.com\/fr\/wp-json\/wp\/v2\/media?parent=9028"}],"curies":[{"name":"wp","href":"https:\/\/api.w.org\/{rel}","templated":true}]}}