{"id":9030,"date":"2018-01-18T16:23:23","date_gmt":"2018-01-18T14:23:23","guid":{"rendered":"https:\/\/wedressair.com\/?page_id=9030"},"modified":"2018-01-23T15:09:34","modified_gmt":"2018-01-23T13:09:34","slug":"disclaimer","status":"publish","type":"page","link":"https:\/\/wedressair.com\/fr\/disclaimer\/","title":{"rendered":"Clause de non-responsabilit\u00e9"},"content":{"rendered":"<h2>Clause de non-responsabilit\u00e9 pour inflate.be<\/h2>\n<p>Inflate vous octroie ici l&#8217;acc\u00e8s \u00e0 inflate.be et publie ici, \u00e0 titre d&#8217;information, des textes, images et autres mat\u00e9riaux. Inflate se r\u00e9serve ici le droit d&#8217;adapter le contenu ou de retirer des \u00e9l\u00e9ments \u00e0 tout moment, sans devoir vous faire de communication \u00e0 cet \u00e9gard.<\/p>\n<p>Les informations figurant sur inflate.be se veulent \u00eatre sans engagement, et non comme une offre concr\u00e8te pour conclure une convention. Les conventions sont seulement conclues par l&#8217;acceptation d&#8217;une offre d&#8217;Inflate indiqu\u00e9e comme telle.<\/p>\n<h2>Responsabilit\u00e9 limit\u00e9e<\/h2>\n<p>Inflate s&#8217;efforce d&#8217;actualiser et\/ou de compl\u00e9ter le contenu d&#8217;inflate.be aussi souvent que possible. Malgr\u00e9 ces soins et cette attention, il est possible que le contenu soit incomplet et\/ou incorrect.<\/p>\n<p>Les mat\u00e9riaux offerts sur inflate.be sont offerts sans la moindre forme de garantie ou pr\u00e9tention d&#8217;exactitude. Ces mat\u00e9riaux peuvent changer \u00e0 tout moment, sans communication pr\u00e9alable d&#8217;Inflate.<\/p>\n<p>En particulier, tous les prix figurant sur inflate.be sont sous r\u00e9serve d&#8217;erreurs de frappe et de programmation. Il n&#8217;est accept\u00e9 aucune responsabilit\u00e9 pour les cons\u00e9quences de pareilles fautes. Aucune convention n&#8217;est \u00e9tablie sur la base de pareilles fautes.<\/p>\n<p>Inflate ne peut jamais accepter de responsabilit\u00e9 pour les hyperliens vers des sites web ou services de tiers, qui sont repris sur inflate.be.<\/p>\n<h2>Droits d\u2019auteur<\/h2>\n<p>Tous droits de propri\u00e9t\u00e9 intellectuelle concernant ces mat\u00e9riaux reposent sur Inflate. Il n&#8217;est pas permis de copier, de diffuser ou d&#8217;utiliser autrement ces mat\u00e9riaux sans l&#8217;autorisation \u00e9crite d&#8217;Inflate, sauf et seulement pour autant qu&#8217;il en soit dispos\u00e9 autrement dans des r\u00e9glementations de droit imp\u00e9ratif (telles que le droit de citation), sauf mention contraire en cas de mat\u00e9riaux sp\u00e9cifiques.<\/p>\n","protected":false},"excerpt":{"rendered":"<p>Clause de non-responsabilit\u00e9 pour inflate.be Inflate vous octroie ici l&#8217;acc\u00e8s \u00e0 inflate.be et publie ici, \u00e0 titre d&#8217;information, des textes, images et autres mat\u00e9riaux. Inflate se r\u00e9serve ici le droit d&#8217;adapter le contenu ou de retirer des \u00e9l\u00e9ments \u00e0 tout moment, sans devoir vous faire de communication \u00e0 cet \u00e9gard. Les informations figurant sur inflate.be se veulent \u00eatre sans engagement, &#8230; <a href=\"https:\/\/wedressair.com\/fr\/disclaimer\/\" class=\"more-link\">Read More<\/a><\/p>\n","protected":false},"author":1,"featured_media":0,"parent":0,"menu_order":0,"comment_status":"closed","ping_status":"closed","template":"","meta":[],"yoast_head":"<!-- This site is optimized with the Yoast SEO plugin v20.4 - https:\/\/yoast.com\/wordpress\/plugins\/seo\/ -->\n<title>Clause de non-responsabilit\u00e9 - Inflate<\/title>\n<meta name=\"robots\" content=\"index, follow, max-snippet:-1, max-image-preview:large, max-video-preview:-1\" \/>\n<link rel=\"canonical\" href=\"https:\/\/wedressair.com\/fr\/disclaimer\/\" \/>\n<meta property=\"og:locale\" content=\"fr_FR\" \/>\n<meta property=\"og:type\" content=\"article\" \/>\n<meta property=\"og:title\" content=\"Clause de non-responsabilit\u00e9 - Inflate\" \/>\n<meta property=\"og:description\" content=\"Clause de non-responsabilit\u00e9 pour inflate.be Inflate vous octroie ici l&#8217;acc\u00e8s \u00e0 inflate.be et publie ici, \u00e0 titre d&#8217;information, des textes, images et autres mat\u00e9riaux. Inflate se r\u00e9serve ici le droit d&#8217;adapter le contenu ou de retirer des \u00e9l\u00e9ments \u00e0 tout moment, sans devoir vous faire de communication \u00e0 cet \u00e9gard. Les informations figurant sur inflate.be se veulent \u00eatre sans engagement, ... Read More\" \/>\n<meta property=\"og:url\" content=\"https:\/\/wedressair.com\/fr\/disclaimer\/\" \/>\n<meta property=\"og:site_name\" content=\"Inflate\" \/>\n<meta property=\"article:modified_time\" content=\"2018-01-23T13:09:34+00:00\" \/>\n<meta name=\"twitter:card\" content=\"summary_large_image\" \/>\n<meta name=\"twitter:label1\" content=\"Dur\u00e9e de lecture estim\u00e9e\" \/>\n\t<meta name=\"twitter:data1\" content=\"1 minute\" \/>\n<script type=\"application\/ld+json\" class=\"yoast-schema-graph\">{\"@context\":\"https:\/\/schema.org\",\"@graph\":[{\"@type\":\"WebPage\",\"@id\":\"https:\/\/wedressair.com\/fr\/disclaimer\/\",\"url\":\"https:\/\/wedressair.com\/fr\/disclaimer\/\",\"name\":\"Clause de non-responsabilit\u00e9 - Inflate\",\"isPartOf\":{\"@id\":\"https:\/\/wedressair.com\/fr\/#website\"},\"datePublished\":\"2018-01-18T14:23:23+00:00\",\"dateModified\":\"2018-01-23T13:09:34+00:00\",\"breadcrumb\":{\"@id\":\"https:\/\/wedressair.com\/fr\/disclaimer\/#breadcrumb\"},\"inLanguage\":\"fr-FR\",\"potentialAction\":[{\"@type\":\"ReadAction\",\"target\":[\"https:\/\/wedressair.com\/fr\/disclaimer\/\"]}]},{\"@type\":\"BreadcrumbList\",\"@id\":\"https:\/\/wedressair.com\/fr\/disclaimer\/#breadcrumb\",\"itemListElement\":[{\"@type\":\"ListItem\",\"position\":1,\"name\":\"Home\",\"item\":\"https:\/\/wedressair.com\/fr\/\"},{\"@type\":\"ListItem\",\"position\":2,\"name\":\"Clause de non-responsabilit\u00e9\"}]},{\"@type\":\"WebSite\",\"@id\":\"https:\/\/wedressair.com\/fr\/#website\",\"url\":\"https:\/\/wedressair.com\/fr\/\",\"name\":\"Inflate\",\"description\":\"We dress air\",\"potentialAction\":[{\"@type\":\"SearchAction\",\"target\":{\"@type\":\"EntryPoint\",\"urlTemplate\":\"https:\/\/wedressair.com\/fr\/?s={search_term_string}\"},\"query-input\":\"required name=search_term_string\"}],\"inLanguage\":\"fr-FR\"}]}<\/script>\n<!-- \/ Yoast SEO plugin. -->","yoast_head_json":{"title":"Clause de non-responsabilit\u00e9 - Inflate","robots":{"index":"index","follow":"follow","max-snippet":"max-snippet:-1","max-image-preview":"max-image-preview:large","max-video-preview":"max-video-preview:-1"},"canonical":"https:\/\/wedressair.com\/fr\/disclaimer\/","og_locale":"fr_FR","og_type":"article","og_title":"Clause de non-responsabilit\u00e9 - Inflate","og_description":"Clause de non-responsabilit\u00e9 pour inflate.be Inflate vous octroie ici l&#8217;acc\u00e8s \u00e0 inflate.be et publie ici, \u00e0 titre d&#8217;information, des textes, images et autres mat\u00e9riaux. Inflate se r\u00e9serve ici le droit d&#8217;adapter le contenu ou de retirer des \u00e9l\u00e9ments \u00e0 tout moment, sans devoir vous faire de communication \u00e0 cet \u00e9gard. Les informations figurant sur inflate.be se veulent \u00eatre sans engagement, ... Read More","og_url":"https:\/\/wedressair.com\/fr\/disclaimer\/","og_site_name":"Inflate","article_modified_time":"2018-01-23T13:09:34+00:00","twitter_card":"summary_large_image","twitter_misc":{"Dur\u00e9e de lecture estim\u00e9e":"1 minute"},"schema":{"@context":"https:\/\/schema.org","@graph":[{"@type":"WebPage","@id":"https:\/\/wedressair.com\/fr\/disclaimer\/","url":"https:\/\/wedressair.com\/fr\/disclaimer\/","name":"Clause de non-responsabilit\u00e9 - Inflate","isPartOf":{"@id":"https:\/\/wedressair.com\/fr\/#website"},"datePublished":"2018-01-18T14:23:23+00:00","dateModified":"2018-01-23T13:09:34+00:00","breadcrumb":{"@id":"https:\/\/wedressair.com\/fr\/disclaimer\/#breadcrumb"},"inLanguage":"fr-FR","potentialAction":[{"@type":"ReadAction","target":["https:\/\/wedressair.com\/fr\/disclaimer\/"]}]},{"@type":"BreadcrumbList","@id":"https:\/\/wedressair.com\/fr\/disclaimer\/#breadcrumb","itemListElement":[{"@type":"ListItem","position":1,"name":"Home","item":"https:\/\/wedressair.com\/fr\/"},{"@type":"ListItem","position":2,"name":"Clause de non-responsabilit\u00e9"}]},{"@type":"WebSite","@id":"https:\/\/wedressair.com\/fr\/#website","url":"https:\/\/wedressair.com\/fr\/","name":"Inflate","description":"We dress air","potentialAction":[{"@type":"SearchAction","target":{"@type":"EntryPoint","urlTemplate":"https:\/\/wedressair.com\/fr\/?s={search_term_string}"},"query-input":"required name=search_term_string"}],"inLanguage":"fr-FR"}]}},"_links":{"self":[{"href":"https:\/\/wedressair.com\/fr\/wp-json\/wp\/v2\/pages\/9030"}],"collection":[{"href":"https:\/\/wedressair.com\/fr\/wp-json\/wp\/v2\/pages"}],"about":[{"href":"https:\/\/wedressair.com\/fr\/wp-json\/wp\/v2\/types\/page"}],"author":[{"embeddable":true,"href":"https:\/\/wedressair.com\/fr\/wp-json\/wp\/v2\/users\/1"}],"replies":[{"embeddable":true,"href":"https:\/\/wedressair.com\/fr\/wp-json\/wp\/v2\/comments?post=9030"}],"version-history":[{"count":0,"href":"https:\/\/wedressair.com\/fr\/wp-json\/wp\/v2\/pages\/9030\/revisions"}],"wp:attachment":[{"href":"https:\/\/wedressair.com\/fr\/wp-json\/wp\/v2\/media?parent=9030"}],"curies":[{"name":"wp","href":"https:\/\/api.w.org\/{rel}","templated":true}]}}