{"id":9036,"date":"2018-01-18T16:26:45","date_gmt":"2018-01-18T14:26:45","guid":{"rendered":"https:\/\/wedressair.com\/?page_id=9036"},"modified":"2018-01-23T15:10:39","modified_gmt":"2018-01-23T13:10:39","slug":"privacy-policy","status":"publish","type":"page","link":"https:\/\/wedressair.com\/fr\/privacy-policy\/","title":{"rendered":"Politique relative \u00e0 la vie priv\u00e9e"},"content":{"rendered":"<h2>Donn\u00e9es \u00e0 caract\u00e8re personnel<\/h2>\n<p>Inflate g\u00e8re les donn\u00e9es \u00e0 caract\u00e8re personnel avec la plus grande pr\u00e9caution. Les donn\u00e9es \u00e0 caract\u00e8re personnel sont trait\u00e9es en toute confidentialit\u00e9 par Inflate et ne sont utilis\u00e9es qu&#8217;aux fins pour lesquelles les donn\u00e9es ont \u00e9t\u00e9 fournies par la personne en question. Les donn\u00e9es peuvent \u00eatre stock\u00e9es dans une ou plusieurs banques de donn\u00e9es. Les donn\u00e9es \u00e0 caract\u00e8re personnel ne sont pas fournies \u00e0 des tiers sans l&#8217;autorisation de l&#8217;int\u00e9ress\u00e9. L&#8217;int\u00e9ress\u00e9 a le droit de consulter ses donn\u00e9es \u00e0 caract\u00e8re personnel.<\/p>\n","protected":false},"excerpt":{"rendered":"<p>Donn\u00e9es \u00e0 caract\u00e8re personnel Inflate g\u00e8re les donn\u00e9es \u00e0 caract\u00e8re personnel avec la plus grande pr\u00e9caution. Les donn\u00e9es \u00e0 caract\u00e8re personnel sont trait\u00e9es en toute confidentialit\u00e9 par Inflate et ne sont utilis\u00e9es qu&#8217;aux fins pour lesquelles les donn\u00e9es ont \u00e9t\u00e9 fournies par la personne en question. Les donn\u00e9es peuvent \u00eatre stock\u00e9es dans une ou plusieurs banques de donn\u00e9es. Les donn\u00e9es &#8230; <a href=\"https:\/\/wedressair.com\/fr\/privacy-policy\/\" class=\"more-link\">Read More<\/a><\/p>\n","protected":false},"author":1,"featured_media":0,"parent":0,"menu_order":0,"comment_status":"closed","ping_status":"closed","template":"","meta":[],"yoast_head":"<!-- This site is optimized with the Yoast SEO plugin v20.4 - https:\/\/yoast.com\/wordpress\/plugins\/seo\/ -->\n<title>Politique relative \u00e0 la vie priv\u00e9e - Inflate<\/title>\n<meta name=\"robots\" content=\"index, follow, max-snippet:-1, max-image-preview:large, max-video-preview:-1\" \/>\n<link rel=\"canonical\" href=\"https:\/\/wedressair.com\/fr\/privacy-policy\/\" \/>\n<meta property=\"og:locale\" content=\"fr_FR\" \/>\n<meta property=\"og:type\" content=\"article\" \/>\n<meta property=\"og:title\" content=\"Politique relative \u00e0 la vie priv\u00e9e - Inflate\" \/>\n<meta property=\"og:description\" content=\"Donn\u00e9es \u00e0 caract\u00e8re personnel Inflate g\u00e8re les donn\u00e9es \u00e0 caract\u00e8re personnel avec la plus grande pr\u00e9caution. Les donn\u00e9es \u00e0 caract\u00e8re personnel sont trait\u00e9es en toute confidentialit\u00e9 par Inflate et ne sont utilis\u00e9es qu&#8217;aux fins pour lesquelles les donn\u00e9es ont \u00e9t\u00e9 fournies par la personne en question. Les donn\u00e9es peuvent \u00eatre stock\u00e9es dans une ou plusieurs banques de donn\u00e9es. Les donn\u00e9es ... Read More\" \/>\n<meta property=\"og:url\" content=\"https:\/\/wedressair.com\/fr\/privacy-policy\/\" \/>\n<meta property=\"og:site_name\" content=\"Inflate\" \/>\n<meta property=\"article:modified_time\" content=\"2018-01-23T13:10:39+00:00\" \/>\n<meta name=\"twitter:card\" content=\"summary_large_image\" \/>\n<script type=\"application\/ld+json\" class=\"yoast-schema-graph\">{\"@context\":\"https:\/\/schema.org\",\"@graph\":[{\"@type\":\"WebPage\",\"@id\":\"https:\/\/wedressair.com\/fr\/privacy-policy\/\",\"url\":\"https:\/\/wedressair.com\/fr\/privacy-policy\/\",\"name\":\"Politique relative \u00e0 la vie priv\u00e9e - Inflate\",\"isPartOf\":{\"@id\":\"https:\/\/wedressair.com\/fr\/#website\"},\"datePublished\":\"2018-01-18T14:26:45+00:00\",\"dateModified\":\"2018-01-23T13:10:39+00:00\",\"breadcrumb\":{\"@id\":\"https:\/\/wedressair.com\/fr\/privacy-policy\/#breadcrumb\"},\"inLanguage\":\"fr-FR\",\"potentialAction\":[{\"@type\":\"ReadAction\",\"target\":[\"https:\/\/wedressair.com\/fr\/privacy-policy\/\"]}]},{\"@type\":\"BreadcrumbList\",\"@id\":\"https:\/\/wedressair.com\/fr\/privacy-policy\/#breadcrumb\",\"itemListElement\":[{\"@type\":\"ListItem\",\"position\":1,\"name\":\"Home\",\"item\":\"https:\/\/wedressair.com\/fr\/\"},{\"@type\":\"ListItem\",\"position\":2,\"name\":\"Politique relative \u00e0 la vie priv\u00e9e\"}]},{\"@type\":\"WebSite\",\"@id\":\"https:\/\/wedressair.com\/fr\/#website\",\"url\":\"https:\/\/wedressair.com\/fr\/\",\"name\":\"Inflate\",\"description\":\"We dress air\",\"potentialAction\":[{\"@type\":\"SearchAction\",\"target\":{\"@type\":\"EntryPoint\",\"urlTemplate\":\"https:\/\/wedressair.com\/fr\/?s={search_term_string}\"},\"query-input\":\"required name=search_term_string\"}],\"inLanguage\":\"fr-FR\"}]}<\/script>\n<!-- \/ Yoast SEO plugin. -->","yoast_head_json":{"title":"Politique relative \u00e0 la vie priv\u00e9e - Inflate","robots":{"index":"index","follow":"follow","max-snippet":"max-snippet:-1","max-image-preview":"max-image-preview:large","max-video-preview":"max-video-preview:-1"},"canonical":"https:\/\/wedressair.com\/fr\/privacy-policy\/","og_locale":"fr_FR","og_type":"article","og_title":"Politique relative \u00e0 la vie priv\u00e9e - Inflate","og_description":"Donn\u00e9es \u00e0 caract\u00e8re personnel Inflate g\u00e8re les donn\u00e9es \u00e0 caract\u00e8re personnel avec la plus grande pr\u00e9caution. Les donn\u00e9es \u00e0 caract\u00e8re personnel sont trait\u00e9es en toute confidentialit\u00e9 par Inflate et ne sont utilis\u00e9es qu&#8217;aux fins pour lesquelles les donn\u00e9es ont \u00e9t\u00e9 fournies par la personne en question. Les donn\u00e9es peuvent \u00eatre stock\u00e9es dans une ou plusieurs banques de donn\u00e9es. Les donn\u00e9es ... Read More","og_url":"https:\/\/wedressair.com\/fr\/privacy-policy\/","og_site_name":"Inflate","article_modified_time":"2018-01-23T13:10:39+00:00","twitter_card":"summary_large_image","schema":{"@context":"https:\/\/schema.org","@graph":[{"@type":"WebPage","@id":"https:\/\/wedressair.com\/fr\/privacy-policy\/","url":"https:\/\/wedressair.com\/fr\/privacy-policy\/","name":"Politique relative \u00e0 la vie priv\u00e9e - Inflate","isPartOf":{"@id":"https:\/\/wedressair.com\/fr\/#website"},"datePublished":"2018-01-18T14:26:45+00:00","dateModified":"2018-01-23T13:10:39+00:00","breadcrumb":{"@id":"https:\/\/wedressair.com\/fr\/privacy-policy\/#breadcrumb"},"inLanguage":"fr-FR","potentialAction":[{"@type":"ReadAction","target":["https:\/\/wedressair.com\/fr\/privacy-policy\/"]}]},{"@type":"BreadcrumbList","@id":"https:\/\/wedressair.com\/fr\/privacy-policy\/#breadcrumb","itemListElement":[{"@type":"ListItem","position":1,"name":"Home","item":"https:\/\/wedressair.com\/fr\/"},{"@type":"ListItem","position":2,"name":"Politique relative \u00e0 la vie priv\u00e9e"}]},{"@type":"WebSite","@id":"https:\/\/wedressair.com\/fr\/#website","url":"https:\/\/wedressair.com\/fr\/","name":"Inflate","description":"We dress air","potentialAction":[{"@type":"SearchAction","target":{"@type":"EntryPoint","urlTemplate":"https:\/\/wedressair.com\/fr\/?s={search_term_string}"},"query-input":"required name=search_term_string"}],"inLanguage":"fr-FR"}]}},"_links":{"self":[{"href":"https:\/\/wedressair.com\/fr\/wp-json\/wp\/v2\/pages\/9036"}],"collection":[{"href":"https:\/\/wedressair.com\/fr\/wp-json\/wp\/v2\/pages"}],"about":[{"href":"https:\/\/wedressair.com\/fr\/wp-json\/wp\/v2\/types\/page"}],"author":[{"embeddable":true,"href":"https:\/\/wedressair.com\/fr\/wp-json\/wp\/v2\/users\/1"}],"replies":[{"embeddable":true,"href":"https:\/\/wedressair.com\/fr\/wp-json\/wp\/v2\/comments?post=9036"}],"version-history":[{"count":0,"href":"https:\/\/wedressair.com\/fr\/wp-json\/wp\/v2\/pages\/9036\/revisions"}],"wp:attachment":[{"href":"https:\/\/wedressair.com\/fr\/wp-json\/wp\/v2\/media?parent=9036"}],"curies":[{"name":"wp","href":"https:\/\/api.w.org\/{rel}","templated":true}]}}