{"id":9046,"date":"2018-01-18T16:30:16","date_gmt":"2018-01-18T14:30:16","guid":{"rendered":"https:\/\/wedressair.com\/?page_id=9046"},"modified":"2019-08-19T15:19:26","modified_gmt":"2019-08-19T13:19:26","slug":"service","status":"publish","type":"page","link":"https:\/\/wedressair.com\/fr\/service\/","title":{"rendered":"Service"},"content":{"rendered":"<div id=\"cs-content\" class=\"cs-content\"  ><div id=\"x-section-1\" class=\"x-section\" style=\"margin: 0px;padding: 90px 0px 45px; background-color: transparent;\"  ><div class=\"x-container max width\" style=\"margin: 0px auto;padding: 0px;\"  ><div  class=\"x-column x-sm x-1-1\" style=\"padding: 0px;\" ><h1  class=\"h-custom-headline cs-ta-center mbs h1\" ><span>Let&#8217;s dress your air!<\/span><\/h1><div class=\"x-text\"  ><p><\/p>\n<\/div><hr  class=\"x-gap\" style=\"margin: 45px 0 0 0;\"><div  class=\"x-columnize\" >\n<p><span class=\"custom-type-highlight\">Inflate propose un service complet<\/span> : gr\u00e2ce \u00e0 nos longues ann\u00e9es d\u2019exp\u00e9rience, nous sommes le sp\u00e9cialiste par excellence de la livraison, du placement et de l\u2019accompagnement de diff\u00e9rents types de mat\u00e9riel.<\/p>\n<p>Nous nous assurons que tout votre mat\u00e9riel promotionnel soit livr\u00e9 et, si vous le souhaitez, install\u00e9 de mani\u00e8re <span class=\"custom-type-highlight\">responsable<\/span> \u00e0 chaque \u00e9v\u00e9nement et chaque endroit et ce, aussi bien en <span class=\"custom-type-highlight\">Belgique qu\u2019\u00e0 l&#8217;\u00e9tranger<\/span>.<\/p>\n<p>Inflate garantit un excellent service et traitera votre mat\u00e9riel avec toute l&#8217;attention n\u00e9cessaire, afin que vous puissiez l\u2019utiliser longtemps lors de vos \u00e9v\u00e9nements<\/p>\n<p>Gr\u00e2ce \u00e0 notre <span class=\"custom-type-highlight\">plateforme de r\u00e9servation<\/span>, vos clients et vous avez un bon aper\u00e7u du mat\u00e9riel disponible, ce qui nous permet d&#8217;assurer <span class=\"custom-type-highlight\">un suivi rapide et efficace<\/span> de chaque demande.<\/p>\n<p>Inflate vous <span class=\"custom-type-highlight\">d\u00e9charge de tous les soucis<\/span> afin que vous n&#8217;ayez pas \u00e0 vous soucier de la livraison ou de la d\u00e9coration pour votre \u00e9v\u00e9nement.<\/p>\n<p>Pour chaque article, un check-up et un nettoyage sont fournis de mani\u00e8re standard apr\u00e8s chaque utilisation avant de le stocker pour l&#8217;activit\u00e9 suivante.<\/p>\n<\/div><\/div><\/div><\/div><div id=\"x-section-2\" class=\"x-section\" style=\"margin: 0px 0px -45px;padding: 45px 0px 0px; background-color: transparent;\"  ><div class=\"x-container marginless-columns\" style=\"margin: 0px auto;padding: 0px;\"  ><div  class=\"x-column x-sm x-1-1\" style=\"padding: 0px;\" ><div  class=\"x-raw-content\" ><!-- The Grid Plugin Version 2.7.9.1 --><!-- The Grid Wrapper Start --><div class=\"tg-grid-wrapper mbl  tg-txt\" id=\"grid-11419\" data-version=\"2.7.9.1\"><!-- The Grid Styles --><style class=\"tg-grid-styles\" type=\"text\/css\" scoped>#grid-11419{margin-top:-30px;margin-left:-7.5px;margin-right:-7.5px}#grid-11419 .tg-nav-color:not(.dots):not(.tg-dropdown-value):not(.tg-dropdown-title):hover,#grid-11419 .tg-nav-color:hover .tg-nav-color,#grid-11419 .tg-page-number.tg-page-current,#grid-11419 .tg-filter.tg-filter-active span{color:#ff6863}#grid-11419 .tg-filter:before,#grid-11419 .tg-filter.tg-filter-active:before{color:#999999}#grid-11419 .tg-dropdown-holder,#grid-11419 .tg-search-inner,#grid-11419 .tg-sorter-order{border:1px solid #DDDDDD}#grid-11419 .tg-search-clear,#grid-11419 .tg-search-clear:hover{border:none;border-left:1px solid #DDDDDD}.tg-txt .tg-nav-font,.tg-txt input[type=text].tg-search{font-size:14px;font-weight:600}.tg-txt .tg-search::-webkit-input-placeholder{font-size:14px}.tg-txt .tg-search::-moz-placeholder{font-size:14px}.tg-txt .tg-search:-ms-input-placeholder{font-size:14px}.tg-txt .tg-icon-left-arrow:before{content:\"\\e604\";font-size:32px;font-weight:100}.tg-txt .tg-icon-right-arrow:before{content:\"\\e602\";font-size:32px;font-weight:100}.tg-txt .tg-icon-dropdown-open:before,.tg-txt .tg-icon-sorter-down:before{content:\"\\e60a\"}.tg-txt .tg-icon-sorter-up:before{content:\"\\e609\"}.tg-txt .tg-search-clear:before{content:\"\\e611\";font-weight:300}.tg-txt .tg-search-icon:before{content:\"\\e62e\";font-size:16px;font-weight:600}#grid-11419 .tg-nav-color,#grid-11419 .tg-search-icon:hover:before,#grid-11419 .tg-search-icon:hover input,#grid-11419 .tg-disabled:hover .tg-icon-left-arrow,#grid-11419 .tg-disabled:hover .tg-icon-right-arrow,#grid-11419 .tg-dropdown-title.tg-nav-color:hover{color:#999999}#grid-11419 input.tg-search:hover{color:#999999 !important}#grid-11419 input.tg-search::-webkit-input-placeholder{color:#999999}#grid-11419 input.tg-search::-moz-placeholder{color:#999999;opacity:1}#grid-11419 input.tg-search:-ms-input-placeholder{color:#999999}.grid-11419 .tg-dropdown-item{color:#777777;background:#ffffff}.grid-11419 .tg-filter-active,.grid-11419 .tg-dropdown-item:hover{color:#444444;background:#f5f6fa}#grid-11419 .tg-slider-bullets li.tg-active-item span{background:#59585b}#grid-11419 .tg-slider-bullets li span{background:#DDDDDD}.apia a,.apia a:active,.apia a:focus,.apia .tg-item-overlay{text-decoration:none;border:none;-webkit-box-shadow:none;box-shadow:none;-webkit-transition:opacity 0.25s ease,color 0.25s ease,-webkit-transform 0.3s ease-in-out;-moz-transition:opacity 0.25s ease,color 0.25s ease,-moz-transform 0.3s ease-in-out;-ms-transition:opacity 0.25s ease,color 0.25s ease,-ms-transform 0.3s ease-in-out;-o-transition:opacity 0.25s ease,color 0.25s ease,-o-transform 0.3s ease-in-out;transition:opacity 0.25s ease,color 0.25s ease,transform 0.3s ease-in-out}.apia .tg-item-overlay{position:absolute;display:block;top:0;left:0;width:100%;height:100%;opacity:0;text-align:center}.apia .tg-media-button{position:absolute;display:block;top:0;left:0;width:100%;height:100%;cursor:pointer;opacity:0}.apia .tg-media-button i{position:absolute;display:inline-block;top:50%;margin:-20px 0 0 0;width:100%;height:40px;line-height:40px;font-size:40px;text-align:center}.apia:not(.tg-force-play):not(.tg-is-playing):hover:hover .tg-item-overlay,.apia:not(.tg-force-play):not(.tg-is-playing):hover:hover .tg-item-media-button{opacity:1}.apia:not(.tg-force-play):not(.tg-is-playing):hover .tg-media-button:hover{opacity:0.75}.apia.tg-force-play .tg-media-button,.apia.tg-is-playing .tg-media-button{opacity:0;visibility:hidden}.tg-item .tg-dark div,.tg-item .tg-dark h1,.tg-item .tg-dark h1 a,.tg-item .tg-dark h2,.tg-item .tg-dark h2 a,.tg-item .tg-dark h3,.tg-item .tg-dark h3 a,.tg-item .tg-dark h4,.tg-item .tg-dark h4 a,.tg-item .tg-dark h5,.tg-item .tg-dark h5 a,.tg-item .tg-dark h6,.tg-item .tg-dark h6 a,.tg-item .tg-dark a,.tg-item .tg-dark a.tg-link-url,.tg-item .tg-dark i,.tg-item .tg-dark .tg-media-button,.tg-item .tg-dark .tg-item-price span{color:#444444;fill:#444444;stroke:#444444;border-color:#444444}.tg-item .tg-dark p,.tg-item .tg-dark ol,.tg-item .tg-dark ul,.tg-item .tg-dark li{color:#777777;fill:#777777;stroke:#777777;border-color:#777777}.tg-item .tg-dark span,.tg-item .tg-dark .no-liked .to-heart-icon path,.tg-item .tg-dark .empty-heart .to-heart-icon path,.tg-item .tg-dark .tg-item-comment i,.tg-item .tg-dark .tg-item-price del span{color:#999999;fill:#999999;stroke:#999999;border-color:#999999}.tg-item .tg-light div,.tg-item .tg-light h1,.tg-item .tg-light h1 a,.tg-item .tg-light h2,.tg-item .tg-light h2 a,.tg-item .tg-light h3,.tg-item .tg-light h3 a,.tg-item .tg-light h4,.tg-item .tg-light h4 a,.tg-item .tg-light h5,.tg-item .tg-light h5 a,.tg-item .tg-light h6,.tg-item .tg-light h6 a,.tg-item .tg-light a,.tg-item .tg-light a.tg-link-url,.tg-item .tg-light i,.tg-item .tg-light .tg-media-button,.tg-item .tg-light .tg-item-price span{color:#ffffff;fill:#ffffff;stroke:#ffffff;border-color:#ffffff}.tg-item .tg-light p,.tg-item .tg-light ol,.tg-item .tg-light ul,.tg-item .tg-light li{color:#f6f6f6;fill:#f6f6f6;stroke:#f6f6f6;border-color:#f6f6f6}.tg-item .tg-light span,.tg-item .tg-light .no-liked .to-heart-icon path,.tg-item .tg-light .empty-heart .to-heart-icon path,.tg-item .tg-light .tg-item-comment i,.tg-item .tg-light .tg-item-price del span{color:#f5f5f5;fill:#f5f5f5;stroke:#f5f5f5;border-color:#f5f5f5}#grid-11419 .tg-item-content-holder{background-color:#ffffff}#grid-11419 .tg-item-overlay{background-color:rgba(22,22,22,0.65)}<\/style><!-- The Grid Item Sizer --><div class=\"tg-grid-sizer\"><\/div><!-- The Grid Gutter Sizer --><div class=\"tg-gutter-sizer\"><\/div><!-- The Grid Slider Wrapper Start --><div class=\"tg-grid-slider\"><!-- The Grid Items Holder --><div class=\"tg-grid-holder tg-layout-grid\"  data-name=\"service\"  data-style=\"grid\" data-row=\"1\" data-layout=\"horizontal\" data-rtl=\"\" data-fitrows=\"\" data-filtercomb=\"\" data-filterlogic=\"AND\" data-filterload =\"\" data-sortbyload =\"\" data-orderload =\"false\" data-fullwidth=\"\" data-fullheight=\"\" data-gutters=\"[[320,0],[480,0],[768,0],[980,0],[1200,0],[9999,0]]\" data-slider='{\"itemNav\":\"null\",\"swingSpeed\":0.1,\"cycleBy\":\"null\",\"cycle\":5000,\"startAt\":1}' data-ratio=\"1.33\" data-cols=\"[[320,3],[480,3],[768,3],[980,3],[1200,3],[9999,3]]\" data-rows=\"[[320,200],[480,200],[768,220],[980,220],[1200,240],[9999,240]]\" data-animation='{&quot;name&quot;:&quot;Fade in&quot;,&quot;visible&quot;:&quot;&quot;,&quot;hidden&quot;:&quot;&quot;}' data-transition=\"700ms\" data-ajaxmethod=\"\" data-ajaxdelay=\"100\" data-preloader=\"\" data-itemdelay=\"100\" data-gallery=\"\" data-ajax=\"\"><!-- The Grid item #1 --><article class=\"tg-item tg-post-11477 apia\" data-row=\"1\" data-col=\"1\"><div class=\"tg-item-inner\"><div class=\"tg-item-media-holder tg-light\"><div class=\"tg-item-media-inner\"><div class=\"tg-item-image\" style=\"background-image: url(https:\/\/wedressair.com\/wp-content\/uploads\/2019\/01\/Total-Handling-1-1-400x400.jpeg)\"><\/div><\/div><div class=\"tg-item-overlay\"><\/div><a id=\"tolb-1141911477\" class=\"tg-media-button\" data-tolb-src=\"https:\/\/wedressair.com\/wp-content\/uploads\/2019\/01\/Total-Handling-1-1.jpeg\" data-tolb-type=\"image\" data-tolb-alt=\"Total Handling 1 &#8211; 1\"><i class=\"tg-icon-add\"><\/i><\/a><\/div><\/div><\/article><!-- The Grid item #2 --><article class=\"tg-item tg-post-11481 apia\" data-row=\"1\" data-col=\"1\"><div class=\"tg-item-inner\"><div class=\"tg-item-media-holder tg-light\"><div class=\"tg-item-media-inner\"><div class=\"tg-item-image\" style=\"background-image: url(https:\/\/wedressair.com\/wp-content\/uploads\/2019\/01\/Total-Handling-2-1-400x400.jpeg)\"><\/div><\/div><div class=\"tg-item-overlay\"><\/div><a id=\"tolb-1141911481\" class=\"tg-media-button\" data-tolb-src=\"https:\/\/wedressair.com\/wp-content\/uploads\/2019\/01\/Total-Handling-2-1.jpeg\" data-tolb-type=\"image\" data-tolb-alt=\"Total Handling 2 &#8211; 1\"><i class=\"tg-icon-add\"><\/i><\/a><\/div><\/div><\/article><!-- The Grid item #3 --><article class=\"tg-item tg-post-13167 apia\" data-row=\"1\" data-col=\"1\"><div class=\"tg-item-inner\"><div class=\"tg-item-media-holder tg-light\"><div class=\"tg-item-media-inner\"><div class=\"tg-item-image\" style=\"background-image: url(https:\/\/wedressair.com\/wp-content\/uploads\/2019\/10\/2019-09-23_ESKO_Helium_Balloons_Small-6-400x400.jpg)\"><\/div><\/div><div class=\"tg-item-overlay\"><\/div><a id=\"tolb-1141913167\" class=\"tg-media-button\" data-tolb-src=\"https:\/\/wedressair.com\/wp-content\/uploads\/2019\/10\/2019-09-23_ESKO_Helium_Balloons_Small-6.jpg\" data-tolb-type=\"image\" data-tolb-alt=\"2019-09-23_ESKO_Helium_Balloons_Small - 6\"><i class=\"tg-icon-add\"><\/i><\/a><\/div><\/div><\/article><\/div><\/div><!-- The Grid Slider Wrapper End --><\/div><!-- The Grid Wrapper End --><\/div><\/div><\/div><\/div><div id=\"x-section-3\" class=\"x-section\" style=\"margin: 0px 0px -60px;padding: 90px 0px; background-color: hsl(0, 0%, 20%);\"  ><div class=\"x-container max width\" style=\"margin: 0px auto;padding: 0px;\"  ><div  class=\"x-column x-sm x-1-1\" style=\"padding: 0px;\" ><div class=\"x-text custom-footer-cta\"  ><p>Vous avez des questions ? Une id\u00e9e \u00e0 nous soumettre ? Envoyez-nous un e-mail ou appelez-nous pour un conseil sans engagement. <\/p>\n<p><a  class=\"x-btn x-btn-transparent x-btn-large\"  href=\"https:\/\/wedressair.com\/fr\/contact\/\"     data-options=\"thumbnail: ''\"><i  class=\"x-icon x-icon-hand-o-right\" data-x-icon-o=\"&#xf0a4;\" aria-hidden=\"true\"><\/i> CONTACTEZ-NOUS<\/a><\/p>\n<\/div><\/div><\/div><\/div><\/div>\n","protected":false},"excerpt":{"rendered":"","protected":false},"author":1,"featured_media":0,"parent":0,"menu_order":0,"comment_status":"closed","ping_status":"closed","template":"template-blank-4.php","meta":[],"yoast_head":"<!-- This site is optimized with the Yoast SEO plugin v20.4 - https:\/\/yoast.com\/wordpress\/plugins\/seo\/ -->\n<title>Maintenance, stockage et livraison de mat\u00e9riel promotionnel au Benelux<\/title>\n<meta name=\"description\" content=\"Inflate offre un service tout-en-un. Votre mat\u00e9riel est livr\u00e9 de mani\u00e8re responsable aussi bien en Belgique qu\u2019\u00e0 l\u2019\u00e9tranger. Si vous le souhaitez, nous pouvons vous aider pour l\u2019installation et\/ou l\u2019accompagnement. Sur demande, nous pouvons m\u00eame nous charger de l\u2019enti\u00e8ret\u00e9 du traject logistique.\" \/>\n<meta name=\"robots\" content=\"index, follow, max-snippet:-1, max-image-preview:large, max-video-preview:-1\" \/>\n<link rel=\"canonical\" href=\"https:\/\/wedressair.com\/fr\/service\/\" \/>\n<meta property=\"og:locale\" content=\"fr_FR\" \/>\n<meta property=\"og:type\" content=\"article\" \/>\n<meta property=\"og:title\" content=\"Maintenance, stockage et livraison de mat\u00e9riel promotionnel au Benelux\" \/>\n<meta property=\"og:description\" content=\"Inflate offre un service tout-en-un. Votre mat\u00e9riel est livr\u00e9 de mani\u00e8re responsable aussi bien en Belgique qu\u2019\u00e0 l\u2019\u00e9tranger. Si vous le souhaitez, nous pouvons vous aider pour l\u2019installation et\/ou l\u2019accompagnement. Sur demande, nous pouvons m\u00eame nous charger de l\u2019enti\u00e8ret\u00e9 du traject logistique.\" \/>\n<meta property=\"og:url\" content=\"https:\/\/wedressair.com\/fr\/service\/\" \/>\n<meta property=\"og:site_name\" content=\"Inflate\" \/>\n<meta property=\"article:modified_time\" content=\"2019-08-19T13:19:26+00:00\" \/>\n<meta name=\"twitter:card\" content=\"summary_large_image\" \/>\n<meta name=\"twitter:label1\" content=\"Dur\u00e9e de lecture estim\u00e9e\" \/>\n\t<meta name=\"twitter:data1\" content=\"3 minutes\" \/>\n<script type=\"application\/ld+json\" class=\"yoast-schema-graph\">{\"@context\":\"https:\/\/schema.org\",\"@graph\":[{\"@type\":\"WebPage\",\"@id\":\"https:\/\/wedressair.com\/fr\/service\/\",\"url\":\"https:\/\/wedressair.com\/fr\/service\/\",\"name\":\"Maintenance, stockage et livraison de mat\u00e9riel promotionnel au Benelux\",\"isPartOf\":{\"@id\":\"https:\/\/wedressair.com\/fr\/#website\"},\"datePublished\":\"2018-01-18T14:30:16+00:00\",\"dateModified\":\"2019-08-19T13:19:26+00:00\",\"description\":\"Inflate offre un service tout-en-un. Votre mat\u00e9riel est livr\u00e9 de mani\u00e8re responsable aussi bien en Belgique qu\u2019\u00e0 l\u2019\u00e9tranger. Si vous le souhaitez, nous pouvons vous aider pour l\u2019installation et\/ou l\u2019accompagnement. Sur demande, nous pouvons m\u00eame nous charger de l\u2019enti\u00e8ret\u00e9 du traject logistique.\",\"breadcrumb\":{\"@id\":\"https:\/\/wedressair.com\/fr\/service\/#breadcrumb\"},\"inLanguage\":\"fr-FR\",\"potentialAction\":[{\"@type\":\"ReadAction\",\"target\":[\"https:\/\/wedressair.com\/fr\/service\/\"]}]},{\"@type\":\"BreadcrumbList\",\"@id\":\"https:\/\/wedressair.com\/fr\/service\/#breadcrumb\",\"itemListElement\":[{\"@type\":\"ListItem\",\"position\":1,\"name\":\"Home\",\"item\":\"https:\/\/wedressair.com\/fr\/\"},{\"@type\":\"ListItem\",\"position\":2,\"name\":\"Service\"}]},{\"@type\":\"WebSite\",\"@id\":\"https:\/\/wedressair.com\/fr\/#website\",\"url\":\"https:\/\/wedressair.com\/fr\/\",\"name\":\"Inflate\",\"description\":\"We dress air\",\"potentialAction\":[{\"@type\":\"SearchAction\",\"target\":{\"@type\":\"EntryPoint\",\"urlTemplate\":\"https:\/\/wedressair.com\/fr\/?s={search_term_string}\"},\"query-input\":\"required name=search_term_string\"}],\"inLanguage\":\"fr-FR\"}]}<\/script>\n<!-- \/ Yoast SEO plugin. -->","yoast_head_json":{"title":"Maintenance, stockage et livraison de mat\u00e9riel promotionnel au Benelux","description":"Inflate offre un service tout-en-un. Votre mat\u00e9riel est livr\u00e9 de mani\u00e8re responsable aussi bien en Belgique qu\u2019\u00e0 l\u2019\u00e9tranger. Si vous le souhaitez, nous pouvons vous aider pour l\u2019installation et\/ou l\u2019accompagnement. Sur demande, nous pouvons m\u00eame nous charger de l\u2019enti\u00e8ret\u00e9 du traject logistique.","robots":{"index":"index","follow":"follow","max-snippet":"max-snippet:-1","max-image-preview":"max-image-preview:large","max-video-preview":"max-video-preview:-1"},"canonical":"https:\/\/wedressair.com\/fr\/service\/","og_locale":"fr_FR","og_type":"article","og_title":"Maintenance, stockage et livraison de mat\u00e9riel promotionnel au Benelux","og_description":"Inflate offre un service tout-en-un. Votre mat\u00e9riel est livr\u00e9 de mani\u00e8re responsable aussi bien en Belgique qu\u2019\u00e0 l\u2019\u00e9tranger. Si vous le souhaitez, nous pouvons vous aider pour l\u2019installation et\/ou l\u2019accompagnement. Sur demande, nous pouvons m\u00eame nous charger de l\u2019enti\u00e8ret\u00e9 du traject logistique.","og_url":"https:\/\/wedressair.com\/fr\/service\/","og_site_name":"Inflate","article_modified_time":"2019-08-19T13:19:26+00:00","twitter_card":"summary_large_image","twitter_misc":{"Dur\u00e9e de lecture estim\u00e9e":"3 minutes"},"schema":{"@context":"https:\/\/schema.org","@graph":[{"@type":"WebPage","@id":"https:\/\/wedressair.com\/fr\/service\/","url":"https:\/\/wedressair.com\/fr\/service\/","name":"Maintenance, stockage et livraison de mat\u00e9riel promotionnel au Benelux","isPartOf":{"@id":"https:\/\/wedressair.com\/fr\/#website"},"datePublished":"2018-01-18T14:30:16+00:00","dateModified":"2019-08-19T13:19:26+00:00","description":"Inflate offre un service tout-en-un. Votre mat\u00e9riel est livr\u00e9 de mani\u00e8re responsable aussi bien en Belgique qu\u2019\u00e0 l\u2019\u00e9tranger. Si vous le souhaitez, nous pouvons vous aider pour l\u2019installation et\/ou l\u2019accompagnement. Sur demande, nous pouvons m\u00eame nous charger de l\u2019enti\u00e8ret\u00e9 du traject logistique.","breadcrumb":{"@id":"https:\/\/wedressair.com\/fr\/service\/#breadcrumb"},"inLanguage":"fr-FR","potentialAction":[{"@type":"ReadAction","target":["https:\/\/wedressair.com\/fr\/service\/"]}]},{"@type":"BreadcrumbList","@id":"https:\/\/wedressair.com\/fr\/service\/#breadcrumb","itemListElement":[{"@type":"ListItem","position":1,"name":"Home","item":"https:\/\/wedressair.com\/fr\/"},{"@type":"ListItem","position":2,"name":"Service"}]},{"@type":"WebSite","@id":"https:\/\/wedressair.com\/fr\/#website","url":"https:\/\/wedressair.com\/fr\/","name":"Inflate","description":"We dress air","potentialAction":[{"@type":"SearchAction","target":{"@type":"EntryPoint","urlTemplate":"https:\/\/wedressair.com\/fr\/?s={search_term_string}"},"query-input":"required name=search_term_string"}],"inLanguage":"fr-FR"}]}},"_links":{"self":[{"href":"https:\/\/wedressair.com\/fr\/wp-json\/wp\/v2\/pages\/9046"}],"collection":[{"href":"https:\/\/wedressair.com\/fr\/wp-json\/wp\/v2\/pages"}],"about":[{"href":"https:\/\/wedressair.com\/fr\/wp-json\/wp\/v2\/types\/page"}],"author":[{"embeddable":true,"href":"https:\/\/wedressair.com\/fr\/wp-json\/wp\/v2\/users\/1"}],"replies":[{"embeddable":true,"href":"https:\/\/wedressair.com\/fr\/wp-json\/wp\/v2\/comments?post=9046"}],"version-history":[{"count":0,"href":"https:\/\/wedressair.com\/fr\/wp-json\/wp\/v2\/pages\/9046\/revisions"}],"wp:attachment":[{"href":"https:\/\/wedressair.com\/fr\/wp-json\/wp\/v2\/media?parent=9046"}],"curies":[{"name":"wp","href":"https:\/\/api.w.org\/{rel}","templated":true}]}}